{"id":87976,"date":"2020-12-04T03:25:52","date_gmt":"2020-12-04T03:25:52","guid":{"rendered":"https:\/\/riseuppitch.ca\/?page_id=87976"},"modified":"2022-02-10T04:16:19","modified_gmt":"2022-02-10T04:16:19","slug":"categories-awards","status":"publish","type":"page","link":"https:\/\/riseuppitch.ca\/fr\/categories-awards\/","title":{"rendered":"Cat\u00e9gories et prix"},"content":{"rendered":"<div class=\"wpb-content-wrapper\"><div data-parent=\"true\" class=\"vc_row row-container\" id=\"row-unique-0\"><div class=\"row quad-top-padding quad-bottom-padding single-h-padding limit-width row-parent\"><div class=\"wpb_row row-inner\"><div class=\"wpb_column pos-top pos-center align_left column_parent col-lg-8 single-internal-gutter\"><div class=\"uncol style-light\"  ><div class=\"uncoltable\"><div class=\"uncell no-block-padding\" ><div class=\"uncont\" ><div class=\"vc_custom_heading_wrap\"><div class=\"heading-text el-text\" ><h2 class=\"h2\" ><span>Pourquoi participer<\/span><\/h2><\/div><div class=\"clear\"><\/div><\/div><div class=\"uncode_text_column\" ><p>Le Programme \u00c9l\u00e9vation comprend huit cat\u00e9gories de prix diff\u00e9rentes repr\u00e9sentant divers secteurs, entreprises et \u00e9tapes de la vie. Des prix financiers et r\u00e9compenses non-mon\u00e9taires seront d\u00e9cern\u00e9s aux laur\u00e9ates. Toutes les laur\u00e9ates et les finalistes auront la possibilit\u00e9 de figurer dans la base de donn\u00e9es et la campagne <a href=\"https:\/\/wekh.ca\/sinspirer-se-realiser\/?lang=fr\">S\u2019inspirer. Se r\u00e9aliser.<\/a> du PCFE.<\/p>\n<p>Vous ne savez pas quelle cat\u00e9gorie est la mieux adapt\u00e9e \u00e0 votre entreprise? <a href=\"mailto:pitch@bbpa.org\" target=\"_blank\" rel=\"noopener noreferrer\">Envoyez-nous<\/a> un courriel pour obtenir de plus amples renseignements.<\/p>\n<p>* Tous les montants attribu\u00e9s sont en $ CA<\/p>\n<h3>Jeunes pousses<\/h3>\n<p>Pour les nouvelles entreprises (un an ou moins - \u00e0 partir de d\u00e9cembre 2010) qui \u00e9laborent un nouveau produit ou service aux fins de mise sur le march\u00e9, quel que soit le secteur. Si votre entreprise compte une ou plusieurs fondatrices, si elle est \u00e0 un stade pr\u00e9coce de son d\u00e9veloppement et si #jeunepousse est votre devise, cette cat\u00e9gorie vous concerne.<\/p>\n<p><em>Prix financier 10 000 $<\/em><\/p>\n<h3>Jeunes entrepreneures (18-24 ans)<\/h3>\n<p>Cette cat\u00e9gorie s'adresse aux femmes \u00e2g\u00e9es de 18 \u00e0 24 ans qui cr\u00e9ent une entreprise dans n'importe quel secteur, \u00e0 n'importe quel stade.<\/p>\n<p><em>Prix financier 10 000 $<\/em><\/p>\n<h3>H\u00e9bergement et restauration<\/h3>\n<p>Pour les g\u00eetes touristiques, les d\u00e9taillants en alimentation \u00e0 tous les stades et les entreprises en lien avec l\u2019industrie alimentaire. Que vous conditionniez une sauce secr\u00e8te de grand-m\u00e8re ou que vous construisiez un restaurant cinq \u00e9toiles, cette cat\u00e9gorie vous concerne.<\/p>\n<p><em>Prix financier 10 000 $<\/em><\/p>\n<h3>Biens de consommation et services<\/h3>\n<p>Que vous soyez entra\u00eeneur personnel, th\u00e9rapeute ou professeure de yoga, ou que vous travailliez dans le domaine des cosm\u00e9tiques, des soins capillaires ou de la mode, si votre entreprise est se rapporte \u00e0 la sant\u00e9 physique et\/ou mentale, en amenant les gens \u00e0 la meilleure version d'eux-m\u00eames, cette cat\u00e9gorie est pour vous.<\/p>\n<p><em>Prix financier 10 000 $<\/em><\/p>\n<h3>Technologie et industrie manufacturi\u00e8re<\/h3>\n<p>Cette cat\u00e9gorie concerne les entreprises qui mettent sur le march\u00e9 un nouveau produit ou service technologique, par exemple un appareil, un logiciel, du mat\u00e9riel informatique, des services techniques ou un produit \u00e9lectronique.<\/p>\n<p><em>Prix financier 10 000 $<\/em><\/p>\n<h3>Cat\u00e9gorie Services aux entreprises<\/h3>\n<p>Cette cat\u00e9gorie est destin\u00e9e aux entreprises qui offrent des services, tels que les consultants en d\u00e9veloppement professionnel, en diversit\u00e9 et en inclusion, les sp\u00e9cialistes du marketing ou les agents immobiliers et financiers, les architectes.<\/p>\n<p><em>Prix financier 10 000 $<\/em><\/p>\n<h3>Entreprises cr\u00e9atives<\/h3>\n<p>Cette cat\u00e9gorie est destin\u00e9e aux cr\u00e9atifs associ\u00e9s aux arts. Si vous \u00eates une artiste, une graphiste, une auteure et\/ou une musicianne, cette cat\u00e9gorie est pour vous.<\/p>\n<p><em>Prix financier 10 000 $<\/em><\/p>\n<h3>Innovation\/reconversion suite \u00e0 la COVID-19<\/h3>\n<p>Cette cat\u00e9gorie concerne les entreprises, quel que soit leur stade de d\u00e9veloppement, qui ont effectu\u00e9 une reconversion remarquable durant la pand\u00e9mie de COVID-19 pour modifier leur mod\u00e8le d\u2019affaires, fournir de nouveaux services et\/ou exploiter de nouveaux march\u00e9s.<\/p>\n<p><em>Prix financier 10 000 $<\/em><\/p>\n<\/div><\/div><\/div><\/div><\/div><\/div><div class=\"wpb_column pos-top pos-center align_left column_parent col-lg-4 single-internal-gutter\"><div class=\"uncol style-light animate_when_almost_visible bottom-t-top\"  ><div class=\"uncoltable\"><div class=\"uncell single-block-padding style-color-336040-bg has-bg\" ><div class=\"uncont\" ><div class=\"vc_custom_heading_wrap\"><div class=\"heading-text el-text\" ><h3 class=\"h3\" ><span>Questions?<\/span><\/h3><\/div><div class=\"clear\"><\/div><\/div><div class=\"uncode_text_column\" ><p>Faites nous savoir si vous avez des questions<\/p>\n<\/div><span class=\"btn-container\" ><a role=\"button\"  href=\"mailto: pitch@bbpa.org\" class=\"custom-link btn border-width-0 btn-color-jevc btn-round btn-icon-left\" target=\"_blank\">Envoyer un message<\/a><\/span><\/div><\/div><\/div><\/div><\/div><script id=\"script-row-unique-0\" data-row=\"script-row-unique-0\" type=\"text\/javascript\" class=\"vc_controls\">UNCODE.initRow(document.getElementById(\"row-unique-0\"));<\/script><\/div><\/div><\/div><div data-parent=\"true\" class=\"vc_row has-bg need-focus style-color-336040-bg vc_custom_1644379302912 limit-width boxed-row row-container\" style=\"margin-bottom: 50px ;\" id=\"row-unique-1\"><div class=\"row double-top-padding double-bottom-padding single-h-padding row-parent\"><div class=\"wpb_row row-inner\"><div class=\"wpb_column pos-top pos-center align_left column_parent col-lg-12 single-internal-gutter\"><div class=\"uncol style-light\"  ><div class=\"uncoltable\"><div class=\"uncell no-block-padding\" ><div class=\"uncont\" ><div class=\"vc_custom_heading_wrap\"><div class=\"heading-text el-text\" ><h2 class=\"h2\" ><span>Pr\u00eate \u00e0 appliquer?<\/span><\/h2><\/div><div class=\"clear\"><\/div><\/div><span class=\"btn-container\" ><a role=\"button\"  href=\"https:\/\/riseuppitch.ca\/fr\/application-form\/\" class=\"custom-link btn border-width-0 btn-color-jevc btn-round btn-icon-left\" title=\"Formulaire de candidature\">POSTULEZ MAINTENANT<\/a><\/span><\/div><\/div><\/div><\/div><\/div><script id=\"script-row-unique-1\" data-row=\"script-row-unique-1\" type=\"text\/javascript\" class=\"vc_controls\">UNCODE.initRow(document.getElementById(\"row-unique-1\"));<\/script><\/div><\/div><\/div>\n<\/div>","protected":false},"excerpt":{"rendered":"Why participateRise Up includes eight different award categories representing various sectors, business and life stages with both financial and non-financial [...]","protected":false},"author":1,"featured_media":88819,"parent":0,"menu_order":0,"comment_status":"closed","ping_status":"open","template":"","meta":{"_coblocks_attr":"","_coblocks_dimensions":"","_coblocks_responsive_height":"","_coblocks_accordion_ie_support":"","footnotes":""},"class_list":["post-87976","page","type-page","status-publish","has-post-thumbnail","hentry"],"yoast_head":"<!-- This site is optimized with the Yoast SEO plugin v27.5 - https:\/\/yoast.com\/product\/yoast-seo-wordpress\/ -->\n<title>Categories &amp; Awards - Rise Up Pitch Competition<\/title>\n<meta name=\"description\" content=\"RiseUp is a black women entrepreneurs pitch competition and program for entrepreneurs across Canada to join and receive\u00a0support for their businesses and\u00a0the potential to win both financial and non-financial prizes.\" \/>\n<meta name=\"robots\" content=\"index, follow, max-snippet:-1, max-image-preview:large, max-video-preview:-1\" \/>\n<link rel=\"canonical\" href=\"https:\/\/riseuppitch.ca\/fr\/categories-awards\/\" \/>\n<meta property=\"og:locale\" content=\"fr_CA\" \/>\n<meta property=\"og:type\" content=\"article\" \/>\n<meta property=\"og:title\" content=\"Categories &amp; Awards - Rise Up Pitch Competition\" \/>\n<meta property=\"og:description\" content=\"RiseUp is a black women entrepreneurs pitch competition and program for entrepreneurs across Canada to join and receive\u00a0support for their businesses and\u00a0the potential to win both financial and non-financial prizes.\" \/>\n<meta property=\"og:url\" content=\"https:\/\/riseuppitch.ca\/fr\/categories-awards\/\" \/>\n<meta property=\"og:site_name\" content=\"Rise Up Pitch Competition\" \/>\n<meta property=\"article:modified_time\" content=\"2022-02-10T04:16:19+00:00\" \/>\n<meta property=\"og:image\" content=\"https:\/\/riseuppitch.ca\/wp-content\/uploads\/2022\/02\/bg-circles.png\" \/>\n\t<meta property=\"og:image:width\" content=\"1920\" \/>\n\t<meta property=\"og:image:height\" content=\"763\" \/>\n\t<meta property=\"og:image:type\" content=\"image\/png\" \/>\n<meta name=\"twitter:card\" content=\"summary_large_image\" \/>\n<meta name=\"twitter:label1\" content=\"Estimation du temps de lecture\" \/>\n\t<meta name=\"twitter:data1\" content=\"2 minutes\" \/>\n<script type=\"application\/ld+json\" class=\"yoast-schema-graph\">{\"@context\":\"https:\\\/\\\/schema.org\",\"@graph\":[{\"@type\":\"WebPage\",\"@id\":\"https:\\\/\\\/riseuppitch.ca\\\/categories-awards\\\/\",\"url\":\"https:\\\/\\\/riseuppitch.ca\\\/categories-awards\\\/\",\"name\":\"Categories & Awards - Rise Up Pitch Competition\",\"isPartOf\":{\"@id\":\"https:\\\/\\\/riseuppitch.ca\\\/#website\"},\"primaryImageOfPage\":{\"@id\":\"https:\\\/\\\/riseuppitch.ca\\\/categories-awards\\\/#primaryimage\"},\"image\":{\"@id\":\"https:\\\/\\\/riseuppitch.ca\\\/categories-awards\\\/#primaryimage\"},\"thumbnailUrl\":\"https:\\\/\\\/riseuppitch.ca\\\/wp-content\\\/uploads\\\/2022\\\/02\\\/bg-circles.png\",\"datePublished\":\"2020-12-04T03:25:52+00:00\",\"dateModified\":\"2022-02-10T04:16:19+00:00\",\"description\":\"RiseUp is a black women entrepreneurs pitch competition and program for entrepreneurs across Canada to join and receive\u00a0support for their businesses and\u00a0the potential to win both financial and non-financial prizes.\",\"breadcrumb\":{\"@id\":\"https:\\\/\\\/riseuppitch.ca\\\/categories-awards\\\/#breadcrumb\"},\"inLanguage\":\"fr-CA\",\"potentialAction\":[{\"@type\":\"ReadAction\",\"target\":[\"https:\\\/\\\/riseuppitch.ca\\\/categories-awards\\\/\"]}]},{\"@type\":\"ImageObject\",\"inLanguage\":\"fr-CA\",\"@id\":\"https:\\\/\\\/riseuppitch.ca\\\/categories-awards\\\/#primaryimage\",\"url\":\"https:\\\/\\\/riseuppitch.ca\\\/wp-content\\\/uploads\\\/2022\\\/02\\\/bg-circles.png\",\"contentUrl\":\"https:\\\/\\\/riseuppitch.ca\\\/wp-content\\\/uploads\\\/2022\\\/02\\\/bg-circles.png\",\"width\":1920,\"height\":763},{\"@type\":\"BreadcrumbList\",\"@id\":\"https:\\\/\\\/riseuppitch.ca\\\/categories-awards\\\/#breadcrumb\",\"itemListElement\":[{\"@type\":\"ListItem\",\"position\":1,\"name\":\"Home\",\"item\":\"https:\\\/\\\/riseuppitch.ca\\\/\"},{\"@type\":\"ListItem\",\"position\":2,\"name\":\"Categories &#038; Awards\"}]},{\"@type\":\"WebSite\",\"@id\":\"https:\\\/\\\/riseuppitch.ca\\\/#website\",\"url\":\"https:\\\/\\\/riseuppitch.ca\\\/\",\"name\":\"Rise Up Pitch Competition\",\"description\":\"Rise Up is a black women entrepreneurs pitch competition and program for entrepreneurs across Canada to join and receive\u00a0support for their businesses and\u00a0the potential to win both financial and non-financial prizes\",\"potentialAction\":[{\"@type\":\"SearchAction\",\"target\":{\"@type\":\"EntryPoint\",\"urlTemplate\":\"https:\\\/\\\/riseuppitch.ca\\\/?s={search_term_string}\"},\"query-input\":{\"@type\":\"PropertyValueSpecification\",\"valueRequired\":true,\"valueName\":\"search_term_string\"}}],\"inLanguage\":\"fr-CA\"}]}<\/script>\n<!-- \/ Yoast SEO plugin. -->","yoast_head_json":{"title":"Categories & Awards - Rise Up Pitch Competition","description":"RiseUp is a black women entrepreneurs pitch competition and program for entrepreneurs across Canada to join and receive\u00a0support for their businesses and\u00a0the potential to win both financial and non-financial prizes.","robots":{"index":"index","follow":"follow","max-snippet":"max-snippet:-1","max-image-preview":"max-image-preview:large","max-video-preview":"max-video-preview:-1"},"canonical":"https:\/\/riseuppitch.ca\/fr\/categories-awards\/","og_locale":"fr_CA","og_type":"article","og_title":"Categories & Awards - Rise Up Pitch Competition","og_description":"RiseUp is a black women entrepreneurs pitch competition and program for entrepreneurs across Canada to join and receive\u00a0support for their businesses and\u00a0the potential to win both financial and non-financial prizes.","og_url":"https:\/\/riseuppitch.ca\/fr\/categories-awards\/","og_site_name":"Rise Up Pitch Competition","article_modified_time":"2022-02-10T04:16:19+00:00","og_image":[{"width":1920,"height":763,"url":"https:\/\/riseuppitch.ca\/wp-content\/uploads\/2022\/02\/bg-circles.png","type":"image\/png"}],"twitter_card":"summary_large_image","twitter_misc":{"Estimation du temps de lecture":"2 minutes"},"schema":{"@context":"https:\/\/schema.org","@graph":[{"@type":"WebPage","@id":"https:\/\/riseuppitch.ca\/categories-awards\/","url":"https:\/\/riseuppitch.ca\/categories-awards\/","name":"Categories & Awards - Rise Up Pitch Competition","isPartOf":{"@id":"https:\/\/riseuppitch.ca\/#website"},"primaryImageOfPage":{"@id":"https:\/\/riseuppitch.ca\/categories-awards\/#primaryimage"},"image":{"@id":"https:\/\/riseuppitch.ca\/categories-awards\/#primaryimage"},"thumbnailUrl":"https:\/\/riseuppitch.ca\/wp-content\/uploads\/2022\/02\/bg-circles.png","datePublished":"2020-12-04T03:25:52+00:00","dateModified":"2022-02-10T04:16:19+00:00","description":"RiseUp is a black women entrepreneurs pitch competition and program for entrepreneurs across Canada to join and receive\u00a0support for their businesses and\u00a0the potential to win both financial and non-financial prizes.","breadcrumb":{"@id":"https:\/\/riseuppitch.ca\/categories-awards\/#breadcrumb"},"inLanguage":"fr-CA","potentialAction":[{"@type":"ReadAction","target":["https:\/\/riseuppitch.ca\/categories-awards\/"]}]},{"@type":"ImageObject","inLanguage":"fr-CA","@id":"https:\/\/riseuppitch.ca\/categories-awards\/#primaryimage","url":"https:\/\/riseuppitch.ca\/wp-content\/uploads\/2022\/02\/bg-circles.png","contentUrl":"https:\/\/riseuppitch.ca\/wp-content\/uploads\/2022\/02\/bg-circles.png","width":1920,"height":763},{"@type":"BreadcrumbList","@id":"https:\/\/riseuppitch.ca\/categories-awards\/#breadcrumb","itemListElement":[{"@type":"ListItem","position":1,"name":"Home","item":"https:\/\/riseuppitch.ca\/"},{"@type":"ListItem","position":2,"name":"Categories &#038; Awards"}]},{"@type":"WebSite","@id":"https:\/\/riseuppitch.ca\/#website","url":"https:\/\/riseuppitch.ca\/","name":"Rise Up Pitch Competition","description":"Rise Up is a black women entrepreneurs pitch competition and program for entrepreneurs across Canada to join and receive\u00a0support for their businesses and\u00a0the potential to win both financial and non-financial prizes","potentialAction":[{"@type":"SearchAction","target":{"@type":"EntryPoint","urlTemplate":"https:\/\/riseuppitch.ca\/?s={search_term_string}"},"query-input":{"@type":"PropertyValueSpecification","valueRequired":true,"valueName":"search_term_string"}}],"inLanguage":"fr-CA"}]}},"_links":{"self":[{"href":"https:\/\/riseuppitch.ca\/fr\/wp-json\/wp\/v2\/pages\/87976","targetHints":{"allow":["GET"]}}],"collection":[{"href":"https:\/\/riseuppitch.ca\/fr\/wp-json\/wp\/v2\/pages"}],"about":[{"href":"https:\/\/riseuppitch.ca\/fr\/wp-json\/wp\/v2\/types\/page"}],"author":[{"embeddable":true,"href":"https:\/\/riseuppitch.ca\/fr\/wp-json\/wp\/v2\/users\/1"}],"replies":[{"embeddable":true,"href":"https:\/\/riseuppitch.ca\/fr\/wp-json\/wp\/v2\/comments?post=87976"}],"version-history":[{"count":15,"href":"https:\/\/riseuppitch.ca\/fr\/wp-json\/wp\/v2\/pages\/87976\/revisions"}],"predecessor-version":[{"id":88821,"href":"https:\/\/riseuppitch.ca\/fr\/wp-json\/wp\/v2\/pages\/87976\/revisions\/88821"}],"wp:featuredmedia":[{"embeddable":true,"href":"https:\/\/riseuppitch.ca\/fr\/wp-json\/wp\/v2\/media\/88819"}],"wp:attachment":[{"href":"https:\/\/riseuppitch.ca\/fr\/wp-json\/wp\/v2\/media?parent=87976"}],"curies":[{"name":"wp","href":"https:\/\/api.w.org\/{rel}","templated":true}]}}