{"id":88061,"date":"2020-12-05T12:13:04","date_gmt":"2020-12-05T12:13:04","guid":{"rendered":"https:\/\/riseuppitch.ca\/?page_id=88061"},"modified":"2022-03-08T14:13:02","modified_gmt":"2022-03-08T14:13:02","slug":"partners","status":"publish","type":"page","link":"https:\/\/riseuppitch.ca\/fr\/partners\/","title":{"rendered":"Partners &#038; Sponsors"},"content":{"rendered":"<div class=\"wpb-content-wrapper\"><div data-parent=\"true\" class=\"vc_row has-bg need-focus style-color-184936-bg row-container\" id=\"row-unique-0\"><div class=\"row triple-top-padding no-bottom-padding single-h-padding limit-width row-parent\"><div class=\"wpb_row row-inner\"><div class=\"wpb_column pos-top pos-center align_left column_parent col-lg-12 single-internal-gutter\"><div class=\"uncol style-light\"  ><div class=\"uncoltable\"><div class=\"uncell no-block-padding\" ><div class=\"uncont\" ><div class=\"vc_custom_heading_wrap\"><div class=\"heading-text el-text bottom-t-top animate_when_almost_visible\" ><h2 class=\"h2\" ><span>Partenaires organisateurs<\/span><\/h2><\/div><div class=\"clear\"><\/div><\/div><div class=\"uncode_text_column alpha-anim animate_when_almost_visible\" ><p>Nous remercions les partenaires et commanditaires du concours et du programme :<\/p>\n<\/div><div class=\"vc_row style-color-xsdn-bg vc_custom_1607606392516 row-internal row-container\" style=\"padding-top: 40px ;padding-right: 40px ;padding-bottom: 40px ;padding-left: 40px ;\"><div class=\"row row-child\"><div class=\"wpb_row row-inner\"><div class=\"wpb_column pos-top pos-center align_left column_child col-lg-4 single-internal-gutter\"><div class=\"uncol style-light\" ><div class=\"uncoltable\"><div class=\"uncell no-block-padding\" ><div class=\"uncont\" ><div class=\"uncode-single-media  text-left animate_when_almost_visible bottom-t-top\"><div class=\"single-wrapper\" style=\"max-width: 80%;\"><div class=\"tmb tmb-light  tmb-media-first tmb-media-last tmb-content-overlay tmb-no-bg\"><div class=\"t-inside\"><div class=\"t-entry-visual\"><div class=\"t-entry-visual-tc\"><div class=\"uncode-single-media-wrapper\"><img decoding=\"async\" class=\"wp-image-88065\" src=\"https:\/\/riseuppitch.ca\/wp-content\/uploads\/2020\/12\/bbpa-copy.png\" width=\"371\" height=\"136\" alt=\"\" srcset=\"https:\/\/riseuppitch.ca\/wp-content\/uploads\/2020\/12\/bbpa-copy.png 371w, https:\/\/riseuppitch.ca\/wp-content\/uploads\/2020\/12\/bbpa-copy-300x110.png 300w, https:\/\/riseuppitch.ca\/wp-content\/uploads\/2020\/12\/bbpa-copy-16x6.png 16w\" sizes=\"(max-width: 371px) 100vw, 371px\" \/><\/div>\n\t\t\t\t\t<\/div>\n\t\t\t\t<\/div><\/div><\/div><\/div><\/div><\/div><\/div><\/div><\/div><\/div><div class=\"wpb_column pos-top pos-left align_left column_child col-lg-8 single-internal-gutter\"><div class=\"uncol style-light\" ><div class=\"uncoltable\"><div class=\"uncell no-block-padding\" ><div class=\"uncont\" ><div class=\"vc_custom_heading_wrap\"><div class=\"heading-text el-text bottom-t-top animate_when_almost_visible\" ><h3 class=\"h3\" ><span>Black Business &amp; Professional Association<\/span><\/h3><\/div><div class=\"clear\"><\/div><\/div><div class=\"uncode_text_column alpha-anim animate_when_almost_visible\" ><p>Fond\u00e9e en 1983, la BBPA est une organisation caritative \u00e0 but non lucratif qui s'occupe de l'\u00e9quit\u00e9 et des opportunit\u00e9s pour la communaut\u00e9 noire dans le domaine des affaires, de l'emploi, de l'\u00e9ducation et du d\u00e9veloppement \u00e9conomique.<\/p>\n<\/div><div class=\"empty-space empty-single\" ><span class=\"empty-space-inner\"><\/span><\/div>\n<div class=\"animate_when_almost_visible alpha-anim icon-box icon-box-top  icon-inline\" ><div class=\"icon-box-icon fa-container\" ><a role=\"button\" href=\"https:\/\/bbpa.org\/\" target=\"_blank\" class=\"text-color-jevc-color custom-link\"><i class=\"fa fa-desktop fa-1x fa-fw\"><\/i><\/a><\/div><div class=\"icon-box-content\"><div class=\"icon-box-heading icon-box-fa-1x\"><p class=\"\">bbpa.org<\/p><\/div><\/div><\/div><div class=\"animate_when_almost_visible alpha-anim icon-box icon-box-top  icon-inline\" ><div class=\"icon-box-icon fa-container\" ><a role=\"button\" href=\"https:\/\/twitter.com\/thebbpa\" target=\"_blank\" class=\"text-color-jevc-color custom-link\"><i class=\"fa fa-twitter fa-1x fa-fw\"><\/i><\/a><\/div><div class=\"icon-box-content\"><div class=\"icon-box-heading icon-box-fa-1x\"><p class=\"\">thebbpa<\/p><\/div><\/div><\/div><\/div><\/div><\/div><\/div><\/div><\/div><\/div><\/div><div class=\"vc_row style-color-xsdn-bg vc_custom_1607606405576 row-internal row-container\" style=\"padding-top: 40px ;padding-right: 40px ;padding-bottom: 40px ;padding-left: 40px ;\"><div class=\"row row-child\"><div class=\"wpb_row row-inner\"><div class=\"wpb_column pos-top pos-center align_left column_child col-lg-4 single-internal-gutter\"><div class=\"uncol style-light\" ><div class=\"uncoltable\"><div class=\"uncell no-block-padding\" ><div class=\"uncont\" ><div class=\"uncode-single-media  text-left animate_when_almost_visible bottom-t-top\"><div class=\"single-wrapper\" style=\"max-width: 79%;\"><div class=\"tmb tmb-light  tmb-media-first tmb-media-last tmb-content-overlay tmb-no-bg\"><div class=\"t-inside\"><div class=\"t-entry-visual\"><div class=\"t-entry-visual-tc\"><div class=\"uncode-single-media-wrapper\"><img decoding=\"async\" class=\"wp-image-88064\" src=\"https:\/\/riseuppitch.ca\/wp-content\/uploads\/2020\/12\/casa.png\" width=\"596\" height=\"222\" alt=\"\" srcset=\"https:\/\/riseuppitch.ca\/wp-content\/uploads\/2020\/12\/casa.png 596w, https:\/\/riseuppitch.ca\/wp-content\/uploads\/2020\/12\/casa-300x112.png 300w, https:\/\/riseuppitch.ca\/wp-content\/uploads\/2020\/12\/casa-16x6.png 16w\" sizes=\"(max-width: 596px) 100vw, 596px\" \/><\/div>\n\t\t\t\t\t<\/div>\n\t\t\t\t<\/div><\/div><\/div><\/div><\/div><\/div><\/div><\/div><\/div><\/div><div class=\"wpb_column pos-top pos-left align_left column_child col-lg-8 single-internal-gutter\"><div class=\"uncol style-light\" ><div class=\"uncoltable\"><div class=\"uncell no-block-padding\" ><div class=\"uncont\" ><div class=\"vc_custom_heading_wrap\"><div class=\"heading-text el-text bottom-t-top animate_when_almost_visible\" ><h3 class=\"h3\" ><span>CASA Foundation<\/span><\/h3><\/div><div class=\"clear\"><\/div><\/div><div class=\"uncode_text_column alpha-anim animate_when_almost_visible\" ><p>La Fondation Casa pour le d\u00e9veloppement international est un organisme canadien enregistr\u00e9 \u00e0 but non lucratif fond\u00e9 en 2011 pour faire progresser les femmes, les jeunes et les nouveaux leaders, gr\u00e2ce \u00e0 des initiatives de d\u00e9veloppement \u00e9conomique, d'entrepreneuriat et d'affaires. La Fondation Casa offre un soutien aux secteurs verticaux dans le domaine de la sant\u00e9, des infrastructures et de l'\u00e9ducation. Les programmes et initiatives de la fondation Casa ont un impact social et sont mis en \u0153uvre gr\u00e2ce \u00e0 une triple approche de partenariat, de parrainage et de mentorat.<\/p>\n<p>Par cons\u00e9quent, la fondation Casa organise des forums, des conf\u00e9rences, des ateliers, des formations et des s\u00e9minaires strat\u00e9giques dans les domaines de l'\u00e9conomie, des affaires et de l'entrepreneuriat. Ces sessions visent \u00e0 cr\u00e9er une plate-forme solide pour la discussion des initiatives de d\u00e9veloppement \u00e9conomique, commercial et entrepreneurial qui pourraient d\u00e9velopper les petites entreprises et am\u00e9liorer l'acc\u00e8s aux ressources n\u00e9cessaires pour les dirigeants, les femmes et les groupes de jeunes entreprises. Ses plateformes cherchent \u00e0 d\u00e9velopper des initiatives commerciales et un soutien au mentorat pour les femmes, les jeunes et les dirigeants potentiels qui pourraient renforcer la participation priv\u00e9e au d\u00e9veloppement \u00e9conomique. Les facilitateurs sont issus d'\u00e9quipes de groupes d'experts provenant d'institutions des secteurs public et priv\u00e9 et d'entreprises op\u00e9rant dans le secteur concern\u00e9 pour chaque ann\u00e9e.<\/p>\n<p>Les programmes \u00e9ducatifs de la fondation Casa soutiennent les \u00e9tudiants des universit\u00e9s, coll\u00e8ges et internationaux dans les \u00e9tudes li\u00e9es aux affaires au Canada en comblant le foss\u00e9 des ressources d'apprentissage requises. Casa offre des bourses d'\u00e9tudes - par l'interm\u00e9diaire de ses coll\u00e8ges d\u00e9sign\u00e9s, du tutorat, de la formation, du mat\u00e9riel p\u00e9dagogique et des conf\u00e9rences - aux \u00e9tudiants des universit\u00e9s et coll\u00e8ges partenaires. Le programme de soutien \u00e0 l'\u00e9ducation vise \u00e0 fournir des subventions aux \u00e9tudiants innovants afin d'augmenter le co\u00fbt de l'enseignement sup\u00e9rieur et des \u00e9tudes sup\u00e9rieures, le cas \u00e9ch\u00e9ant. Les programmes de soutien \u00e0 la sant\u00e9 de la fondation Casa sont ex\u00e9cut\u00e9s par des partenaires internationaux qui fournissent du mat\u00e9riel m\u00e9dical aux h\u00f4pitaux universitaires et aux programmes de sensibilisation \u00e0 la sant\u00e9 et \u00e0 la vaccination - dans le cadre de son programme \"Mother &amp; Child\".<\/p>\n<p>Par le biais de ses tables rondes annuelles, la fondation Casa encourage les id\u00e9es commerciales qui am\u00e9liorent le d\u00e9veloppement communautaire et la pens\u00e9e entrepreneuriale des chefs d'entreprise.<\/p>\n<\/div><div class=\"empty-space empty-single\" ><span class=\"empty-space-inner\"><\/span><\/div>\n<div class=\"animate_when_almost_visible alpha-anim icon-box icon-box-top  icon-inline\" ><div class=\"icon-box-icon fa-container\" ><a role=\"button\" href=\"https:\/\/casafoundation.ca\/\" target=\"_blank\" class=\"text-color-jevc-color custom-link\"><i class=\"fa fa-desktop fa-1x fa-fw\"><\/i><\/a><\/div><div class=\"icon-box-content\"><div class=\"icon-box-heading icon-box-fa-1x\"><p class=\"\">casafoundation.ca<\/p><\/div><\/div><\/div><div class=\"animate_when_almost_visible alpha-anim icon-box icon-box-top  icon-inline\" ><div class=\"icon-box-icon fa-container\" ><a role=\"button\" href=\"https:\/\/twitter.com\/casafoundation\" target=\"_blank\" class=\"text-color-jevc-color custom-link\"><i class=\"fa fa-twitter fa-1x fa-fw\"><\/i><\/a><\/div><div class=\"icon-box-content\"><div class=\"icon-box-heading icon-box-fa-1x\"><p class=\"\">casafoundation<\/p><\/div><\/div><\/div><\/div><\/div><\/div><\/div><\/div><\/div><\/div><\/div><\/div><\/div><\/div><\/div><\/div><script id=\"script-row-unique-0\" data-row=\"script-row-unique-0\" type=\"text\/javascript\" class=\"vc_controls\">UNCODE.initRow(document.getElementById(\"row-unique-0\"));<\/script><\/div><\/div><\/div><div data-parent=\"true\" class=\"vc_row has-bg need-focus style-color-184936-bg row-container\" id=\"row-unique-1\"><div class=\"row double-top-padding quad-bottom-padding single-h-padding limit-width row-parent\"><div class=\"wpb_row row-inner\"><div class=\"wpb_column pos-top pos-center align_left column_parent col-lg-12 single-internal-gutter\"><div class=\"uncol style-light\"  ><div class=\"uncoltable\"><div class=\"uncell no-block-padding\" ><div class=\"uncont\" ><div class=\"vc_custom_heading_wrap\"><div class=\"heading-text el-text bottom-t-top animate_when_almost_visible\" ><h2 class=\"h2\" ><span>Supporters &amp; Partners<\/span><\/h2><\/div><div class=\"clear\"><\/div><\/div><div class=\"vc_row style-color-xsdn-bg vc_custom_1607606770118 row-internal row-container\" style=\"margin-bottom: 0px ;padding-top: 40px ;padding-right: 40px ;padding-bottom: 40px ;padding-left: 40px ;\"><div class=\"row row-child\"><div class=\"wpb_row row-inner\"><div class=\"wpb_column pos-middle pos-center align_center column_child col-lg-3 single-internal-gutter\"><div class=\"uncol style-light\" ><div class=\"uncoltable\"><div class=\"uncell no-block-padding\" ><div class=\"uncont\" ><div class=\"uncode-single-media  text-center animate_when_almost_visible bottom-t-top\"><div class=\"single-wrapper\" style=\"max-width: 81%;\"><a class=\"single-media-link\" href=\"https:\/\/loblaw.ca\/\" target=\"_blank\"><div class=\"tmb tmb-light  tmb-media-first tmb-media-last tmb-content-overlay tmb-no-bg\"><div class=\"t-inside\"><div class=\"t-entry-visual\"><div class=\"t-entry-visual-tc\"><div class=\"uncode-single-media-wrapper\"><img decoding=\"async\" class=\"wp-image-88162\" src=\"https:\/\/riseuppitch.ca\/wp-content\/uploads\/2020\/12\/loblaws.png\" width=\"706\" height=\"336\" alt=\"\" srcset=\"https:\/\/riseuppitch.ca\/wp-content\/uploads\/2020\/12\/loblaws.png 706w, https:\/\/riseuppitch.ca\/wp-content\/uploads\/2020\/12\/loblaws-300x143.png 300w, https:\/\/riseuppitch.ca\/wp-content\/uploads\/2020\/12\/loblaws-16x8.png 16w\" sizes=\"(max-width: 706px) 100vw, 706px\" \/><\/div>\n\t\t\t\t\t<\/div>\n\t\t\t\t<\/div><\/div><\/div><\/a><\/div><\/div><\/div><\/div><\/div><\/div><\/div><div class=\"wpb_column pos-middle pos-center align_center column_child col-lg-3 single-internal-gutter\"><div class=\"uncol style-light\" ><div class=\"uncoltable\"><div class=\"uncell no-block-padding\" ><div class=\"uncont\" ><div class=\"uncode-single-media  text-center animate_when_almost_visible bottom-t-top\"><div class=\"single-wrapper\" style=\"max-width: 70%;\"><a class=\"single-media-link\" href=\"https:\/\/wekh.ca\/\" target=\"_blank\"><div class=\"tmb tmb-light  tmb-media-first tmb-media-last tmb-content-overlay tmb-no-bg\"><div class=\"t-inside\"><div class=\"t-entry-visual\"><div class=\"t-entry-visual-tc\"><div class=\"uncode-single-media-wrapper\"><div class=\"fluid-svg\"><span id=\"icon-104127\" style=\"width:px\" class=\"icon-media\"><img decoding=\"async\" src=\"https:\/\/riseuppitch.ca\/wp-content\/uploads\/2020\/12\/WEHK_logo-stacked_EN_blk.svg\" alt=\"\"><\/span><\/div><\/div>\n\t\t\t\t\t<\/div>\n\t\t\t\t<\/div><\/div><\/div><\/a><\/div><\/div><\/div><\/div><\/div><\/div><\/div><div class=\"wpb_column pos-middle pos-center align_center column_child col-lg-3 single-internal-gutter\"><div class=\"uncol style-light\" ><div class=\"uncoltable\"><div class=\"uncell no-block-padding\" ><div class=\"uncont\" ><div class=\"uncode-single-media  text-center animate_when_almost_visible bottom-t-top\"><div class=\"single-wrapper\" style=\"max-width: 96%;\"><a class=\"single-media-link\" href=\"https:\/\/www.bmo.com\/\" target=\"_blank\"><div class=\"tmb tmb-light  tmb-media-first tmb-media-last tmb-content-overlay tmb-no-bg\"><div class=\"t-inside\"><div class=\"t-entry-visual\"><div class=\"t-entry-visual-tc\"><div class=\"uncode-single-media-wrapper\"><img decoding=\"async\" class=\"wp-image-88063\" src=\"https:\/\/riseuppitch.ca\/wp-content\/uploads\/2020\/12\/BMO-logo.png\" width=\"903\" height=\"304\" alt=\"\" srcset=\"https:\/\/riseuppitch.ca\/wp-content\/uploads\/2020\/12\/BMO-logo.png 903w, https:\/\/riseuppitch.ca\/wp-content\/uploads\/2020\/12\/BMO-logo-300x101.png 300w, https:\/\/riseuppitch.ca\/wp-content\/uploads\/2020\/12\/BMO-logo-768x259.png 768w, https:\/\/riseuppitch.ca\/wp-content\/uploads\/2020\/12\/BMO-logo-16x5.png 16w\" sizes=\"(max-width: 903px) 100vw, 903px\" \/><\/div>\n\t\t\t\t\t<\/div>\n\t\t\t\t<\/div><\/div><\/div><\/a><\/div><\/div><\/div><\/div><\/div><\/div><\/div><div class=\"wpb_column pos-middle pos-center align_left column_child col-lg-3 single-internal-gutter\"><div class=\"uncol style-light\" ><div class=\"uncoltable\"><div class=\"uncell no-block-padding\" ><div class=\"uncont\" ><div class=\"uncode-single-media  text-center animate_when_almost_visible bottom-t-top\"><div class=\"single-wrapper\" style=\"max-width: 35%;\"><a class=\"single-media-link\" href=\"https:\/\/www.rbcroyalbank.com\/\" target=\"_blank\"><div class=\"tmb tmb-light  tmb-media-first tmb-media-last tmb-content-overlay tmb-no-bg\"><div class=\"t-inside\"><div class=\"t-entry-visual\"><div class=\"t-entry-visual-tc\"><div class=\"uncode-single-media-wrapper\"><img decoding=\"async\" class=\"wp-image-88797\" src=\"https:\/\/riseuppitch.ca\/wp-content\/uploads\/2022\/02\/partner-rbc.png\" width=\"304\" height=\"400\" alt=\"\" srcset=\"https:\/\/riseuppitch.ca\/wp-content\/uploads\/2022\/02\/partner-rbc.png 304w, https:\/\/riseuppitch.ca\/wp-content\/uploads\/2022\/02\/partner-rbc-228x300.png 228w, https:\/\/riseuppitch.ca\/wp-content\/uploads\/2022\/02\/partner-rbc-9x12.png 9w\" sizes=\"(max-width: 304px) 100vw, 304px\" \/><\/div>\n\t\t\t\t\t<\/div>\n\t\t\t\t<\/div><\/div><\/div><\/a><\/div><\/div><\/div><\/div><\/div><\/div><\/div><\/div><\/div><\/div><\/div><\/div><\/div><\/div><\/div><script id=\"script-row-unique-1\" data-row=\"script-row-unique-1\" type=\"text\/javascript\" class=\"vc_controls\">UNCODE.initRow(document.getElementById(\"row-unique-1\"));<\/script><\/div><\/div><\/div>\n<\/div>","protected":false},"excerpt":{"rendered":"Organizing PartnersThank you to the following partners and sponsors of this competition and program: Black Business &amp; Professional AssociationFounded in [...]","protected":false},"author":1,"featured_media":88819,"parent":0,"menu_order":0,"comment_status":"closed","ping_status":"open","template":"","meta":{"_coblocks_attr":"","_coblocks_dimensions":"","_coblocks_responsive_height":"","_coblocks_accordion_ie_support":"","footnotes":""},"class_list":["post-88061","page","type-page","status-publish","has-post-thumbnail","hentry"],"yoast_head":"<!-- This site is optimized with the Yoast SEO plugin v27.5 - https:\/\/yoast.com\/product\/yoast-seo-wordpress\/ -->\n<title>Partners &amp; Sponsors - Rise Up Pitch Competition<\/title>\n<meta name=\"description\" content=\"Rise Up is a black women entrepreneurs pitch competition and program for entrepreneurs across Canada to join and receive\u00a0support for their businesses and\u00a0the potential to win both financial and non-financial prizes.\" \/>\n<meta name=\"robots\" content=\"index, follow, max-snippet:-1, max-image-preview:large, max-video-preview:-1\" \/>\n<link rel=\"canonical\" href=\"https:\/\/riseuppitch.ca\/fr\/partners\/\" \/>\n<meta property=\"og:locale\" content=\"fr_CA\" \/>\n<meta property=\"og:type\" content=\"article\" \/>\n<meta property=\"og:title\" content=\"Partners &amp; Sponsors - Rise Up Pitch Competition\" \/>\n<meta property=\"og:description\" content=\"Rise Up is a black women entrepreneurs pitch competition and program for entrepreneurs across Canada to join and receive\u00a0support for their businesses and\u00a0the potential to win both financial and non-financial prizes.\" \/>\n<meta property=\"og:url\" content=\"https:\/\/riseuppitch.ca\/fr\/partners\/\" \/>\n<meta property=\"og:site_name\" content=\"Rise Up Pitch Competition\" \/>\n<meta property=\"article:modified_time\" content=\"2022-03-08T14:13:02+00:00\" \/>\n<meta property=\"og:image\" content=\"https:\/\/riseuppitch.ca\/wp-content\/uploads\/2022\/02\/bg-circles.png\" \/>\n\t<meta property=\"og:image:width\" content=\"1920\" \/>\n\t<meta property=\"og:image:height\" content=\"763\" \/>\n\t<meta property=\"og:image:type\" content=\"image\/png\" \/>\n<meta name=\"twitter:card\" content=\"summary_large_image\" \/>\n<meta name=\"twitter:label1\" content=\"Estimation du temps de lecture\" \/>\n\t<meta name=\"twitter:data1\" content=\"3 minutes\" \/>\n<script type=\"application\/ld+json\" class=\"yoast-schema-graph\">{\"@context\":\"https:\\\/\\\/schema.org\",\"@graph\":[{\"@type\":\"WebPage\",\"@id\":\"https:\\\/\\\/riseuppitch.ca\\\/partners\\\/\",\"url\":\"https:\\\/\\\/riseuppitch.ca\\\/partners\\\/\",\"name\":\"Partners & Sponsors - Rise Up Pitch Competition\",\"isPartOf\":{\"@id\":\"https:\\\/\\\/riseuppitch.ca\\\/#website\"},\"primaryImageOfPage\":{\"@id\":\"https:\\\/\\\/riseuppitch.ca\\\/partners\\\/#primaryimage\"},\"image\":{\"@id\":\"https:\\\/\\\/riseuppitch.ca\\\/partners\\\/#primaryimage\"},\"thumbnailUrl\":\"https:\\\/\\\/riseuppitch.ca\\\/wp-content\\\/uploads\\\/2022\\\/02\\\/bg-circles.png\",\"datePublished\":\"2020-12-05T12:13:04+00:00\",\"dateModified\":\"2022-03-08T14:13:02+00:00\",\"description\":\"Rise Up is a black women entrepreneurs pitch competition and program for entrepreneurs across Canada to join and receive\u00a0support for their businesses and\u00a0the potential to win both financial and non-financial prizes.\",\"breadcrumb\":{\"@id\":\"https:\\\/\\\/riseuppitch.ca\\\/partners\\\/#breadcrumb\"},\"inLanguage\":\"fr-CA\",\"potentialAction\":[{\"@type\":\"ReadAction\",\"target\":[\"https:\\\/\\\/riseuppitch.ca\\\/partners\\\/\"]}]},{\"@type\":\"ImageObject\",\"inLanguage\":\"fr-CA\",\"@id\":\"https:\\\/\\\/riseuppitch.ca\\\/partners\\\/#primaryimage\",\"url\":\"https:\\\/\\\/riseuppitch.ca\\\/wp-content\\\/uploads\\\/2022\\\/02\\\/bg-circles.png\",\"contentUrl\":\"https:\\\/\\\/riseuppitch.ca\\\/wp-content\\\/uploads\\\/2022\\\/02\\\/bg-circles.png\",\"width\":1920,\"height\":763},{\"@type\":\"BreadcrumbList\",\"@id\":\"https:\\\/\\\/riseuppitch.ca\\\/partners\\\/#breadcrumb\",\"itemListElement\":[{\"@type\":\"ListItem\",\"position\":1,\"name\":\"Home\",\"item\":\"https:\\\/\\\/riseuppitch.ca\\\/\"},{\"@type\":\"ListItem\",\"position\":2,\"name\":\"Partners &#038; Sponsors\"}]},{\"@type\":\"WebSite\",\"@id\":\"https:\\\/\\\/riseuppitch.ca\\\/#website\",\"url\":\"https:\\\/\\\/riseuppitch.ca\\\/\",\"name\":\"Rise Up Pitch Competition\",\"description\":\"Rise Up is a black women entrepreneurs pitch competition and program for entrepreneurs across Canada to join and receive\u00a0support for their businesses and\u00a0the potential to win both financial and non-financial prizes\",\"potentialAction\":[{\"@type\":\"SearchAction\",\"target\":{\"@type\":\"EntryPoint\",\"urlTemplate\":\"https:\\\/\\\/riseuppitch.ca\\\/?s={search_term_string}\"},\"query-input\":{\"@type\":\"PropertyValueSpecification\",\"valueRequired\":true,\"valueName\":\"search_term_string\"}}],\"inLanguage\":\"fr-CA\"}]}<\/script>\n<!-- \/ Yoast SEO plugin. -->","yoast_head_json":{"title":"Partners & Sponsors - Rise Up Pitch Competition","description":"Rise Up is a black women entrepreneurs pitch competition and program for entrepreneurs across Canada to join and receive\u00a0support for their businesses and\u00a0the potential to win both financial and non-financial prizes.","robots":{"index":"index","follow":"follow","max-snippet":"max-snippet:-1","max-image-preview":"max-image-preview:large","max-video-preview":"max-video-preview:-1"},"canonical":"https:\/\/riseuppitch.ca\/fr\/partners\/","og_locale":"fr_CA","og_type":"article","og_title":"Partners & Sponsors - Rise Up Pitch Competition","og_description":"Rise Up is a black women entrepreneurs pitch competition and program for entrepreneurs across Canada to join and receive\u00a0support for their businesses and\u00a0the potential to win both financial and non-financial prizes.","og_url":"https:\/\/riseuppitch.ca\/fr\/partners\/","og_site_name":"Rise Up Pitch Competition","article_modified_time":"2022-03-08T14:13:02+00:00","og_image":[{"width":1920,"height":763,"url":"https:\/\/riseuppitch.ca\/wp-content\/uploads\/2022\/02\/bg-circles.png","type":"image\/png"}],"twitter_card":"summary_large_image","twitter_misc":{"Estimation du temps de lecture":"3 minutes"},"schema":{"@context":"https:\/\/schema.org","@graph":[{"@type":"WebPage","@id":"https:\/\/riseuppitch.ca\/partners\/","url":"https:\/\/riseuppitch.ca\/partners\/","name":"Partners & Sponsors - Rise Up Pitch Competition","isPartOf":{"@id":"https:\/\/riseuppitch.ca\/#website"},"primaryImageOfPage":{"@id":"https:\/\/riseuppitch.ca\/partners\/#primaryimage"},"image":{"@id":"https:\/\/riseuppitch.ca\/partners\/#primaryimage"},"thumbnailUrl":"https:\/\/riseuppitch.ca\/wp-content\/uploads\/2022\/02\/bg-circles.png","datePublished":"2020-12-05T12:13:04+00:00","dateModified":"2022-03-08T14:13:02+00:00","description":"Rise Up is a black women entrepreneurs pitch competition and program for entrepreneurs across Canada to join and receive\u00a0support for their businesses and\u00a0the potential to win both financial and non-financial prizes.","breadcrumb":{"@id":"https:\/\/riseuppitch.ca\/partners\/#breadcrumb"},"inLanguage":"fr-CA","potentialAction":[{"@type":"ReadAction","target":["https:\/\/riseuppitch.ca\/partners\/"]}]},{"@type":"ImageObject","inLanguage":"fr-CA","@id":"https:\/\/riseuppitch.ca\/partners\/#primaryimage","url":"https:\/\/riseuppitch.ca\/wp-content\/uploads\/2022\/02\/bg-circles.png","contentUrl":"https:\/\/riseuppitch.ca\/wp-content\/uploads\/2022\/02\/bg-circles.png","width":1920,"height":763},{"@type":"BreadcrumbList","@id":"https:\/\/riseuppitch.ca\/partners\/#breadcrumb","itemListElement":[{"@type":"ListItem","position":1,"name":"Home","item":"https:\/\/riseuppitch.ca\/"},{"@type":"ListItem","position":2,"name":"Partners &#038; Sponsors"}]},{"@type":"WebSite","@id":"https:\/\/riseuppitch.ca\/#website","url":"https:\/\/riseuppitch.ca\/","name":"Rise Up Pitch Competition","description":"Rise Up is a black women entrepreneurs pitch competition and program for entrepreneurs across Canada to join and receive\u00a0support for their businesses and\u00a0the potential to win both financial and non-financial prizes","potentialAction":[{"@type":"SearchAction","target":{"@type":"EntryPoint","urlTemplate":"https:\/\/riseuppitch.ca\/?s={search_term_string}"},"query-input":{"@type":"PropertyValueSpecification","valueRequired":true,"valueName":"search_term_string"}}],"inLanguage":"fr-CA"}]}},"_links":{"self":[{"href":"https:\/\/riseuppitch.ca\/fr\/wp-json\/wp\/v2\/pages\/88061","targetHints":{"allow":["GET"]}}],"collection":[{"href":"https:\/\/riseuppitch.ca\/fr\/wp-json\/wp\/v2\/pages"}],"about":[{"href":"https:\/\/riseuppitch.ca\/fr\/wp-json\/wp\/v2\/types\/page"}],"author":[{"embeddable":true,"href":"https:\/\/riseuppitch.ca\/fr\/wp-json\/wp\/v2\/users\/1"}],"replies":[{"embeddable":true,"href":"https:\/\/riseuppitch.ca\/fr\/wp-json\/wp\/v2\/comments?post=88061"}],"version-history":[{"count":58,"href":"https:\/\/riseuppitch.ca\/fr\/wp-json\/wp\/v2\/pages\/88061\/revisions"}],"predecessor-version":[{"id":88884,"href":"https:\/\/riseuppitch.ca\/fr\/wp-json\/wp\/v2\/pages\/88061\/revisions\/88884"}],"wp:featuredmedia":[{"embeddable":true,"href":"https:\/\/riseuppitch.ca\/fr\/wp-json\/wp\/v2\/media\/88819"}],"wp:attachment":[{"href":"https:\/\/riseuppitch.ca\/fr\/wp-json\/wp\/v2\/media?parent=88061"}],"curies":[{"name":"wp","href":"https:\/\/api.w.org\/{rel}","templated":true}]}}