{"id":88274,"date":"2021-01-07T12:42:36","date_gmt":"2021-01-07T12:42:36","guid":{"rendered":"https:\/\/riseuppitch.ca\/?page_id=88274"},"modified":"2022-02-09T04:00:31","modified_gmt":"2022-02-09T04:00:31","slug":"resources","status":"publish","type":"page","link":"https:\/\/riseuppitch.ca\/fr\/resources\/","title":{"rendered":"Ressources"},"content":{"rendered":"<div class=\"wpb-content-wrapper\"><div data-parent=\"true\" class=\"vc_row row-container\" id=\"row-unique-0\"><div class=\"row quad-top-padding no-bottom-padding single-h-padding limit-width row-parent\"><div class=\"wpb_row row-inner\"><div class=\"wpb_column pos-top pos-center align_left column_parent col-lg-4 single-internal-gutter\"><div class=\"uncol style-light\"  ><div class=\"uncoltable\"><div class=\"uncell no-block-padding\" ><div class=\"uncont\" ><div class=\"vc_custom_heading_wrap\"><div class=\"heading-text el-text\" ><h2 class=\"h2\" ><span>Maintenir et d\u00e9velopper votre entreprise<\/span><\/h2><\/div><div class=\"clear\"><\/div><\/div><div class=\"uncode_text_column\" ><\/p>\n<ul>\n<li><a href=\"https:\/\/wekh.ca\/informations-pour-femmes-entrepreneures-dans-le-contexte-de-la-pandemie-du-covid-19\/?lang=fr\">Ressources de la COVID-19 pour les femmes entrepreneures<\/a><\/li>\n<li><a href=\"https:\/\/www.bdc.ca\/fr\/a-propos\/analyses-recherche\/conquete-web\">\u00c0 la conqu\u00eate du Web par la BDC<\/a><\/li>\n<li><a href=\"https:\/\/site.bdc.ca\/FR\/semaine-de-la-pme\/evenements-organises-bdc\/Pages\/default.aspx?_ga=2.91791514.1223223299.1601932606-746765793.1567093630&amp;utm_source=Growing+Global&amp;utm_campaign=a3e31d1b74-EMAIL_CAMPAIGN_2020_10_05_07_03&amp;utm_medium=email&amp;utm_term=0_76f556ed44-a3e31d1b74-76361705\">BDC \u00e9v\u00e9nements virtuels<\/a><\/li>\n<li><a href=\"https:\/\/www.alberta.ca\/fr-CA\/small-business-resources.aspx\">Ressources pour les petites entreprises en Alberta<\/a><\/li>\n<li><a href=\"http:\/\/www.ic.gc.ca\/eic\/site\/csbfp-pfpec.nsf\/fra\/accueil\">Programme de financement des petites entreprises du Canada<\/a><\/li>\n<\/ul>\n<p>\n<\/div><\/div><\/div><\/div><\/div><\/div><div class=\"wpb_column pos-top pos-center align_left column_parent col-lg-4 single-internal-gutter\"><div class=\"uncol style-light\"  ><div class=\"uncoltable\"><div class=\"uncell no-block-padding\" ><div class=\"uncont\" ><div class=\"vc_custom_heading_wrap\"><div class=\"heading-text el-text\" ><h2 class=\"h2\" ><span>Mod\u00e8les, eBooks et exemples de r\u00e9ussite<\/span><\/h2><\/div><div class=\"clear\"><\/div><\/div><div class=\"uncode_text_column\" ><\/p>\n<ul>\n<li><a href=\"https:\/\/www.bdc.ca\/fr\/articles-outils\/argent-finance\/obtenir-financement\/commet-obtenir-pret-commercial-canada\">Comment obtenir un pr\u00eat commercial au Canada<\/a><\/li>\n<li><a href=\"https:\/\/www.bdc.ca\/fr\/articles-outils\/boite-outils-entrepreneur\/gabarits-documents-guides-affaires\/modele-plan-affaires\">Mod\u00e8le de plan d'affaires<\/a><\/li>\n<li><a href=\"https:\/\/www.bdc.ca\/fr\/articles-outils\/argent-finance\/obtenir-financement\/7-peches-matiere-emprunt-entreprise\">Les 7 p\u00e9ch\u00e9s capitaux en mati\u00e8re d\u2019emprunt pour votre entreprise<\/a><\/li>\n<li><a href=\"https:\/\/www.bdc.ca\/fr\/articles-outils\/boite-outils-entrepreneur\/guides\/comprendre-vos-etats-financiers\">Comprendre vos \u00e9tats financiers<\/a><\/li>\n<li><a href=\"https:\/\/www.bdc.ca\/fr\/articles-outils\/boite-outils-entrepreneur\/guides\/suivi-performance-entreprise\">Faire le suivi de la performance de votre entreprise<\/a><\/li>\n<\/ul>\n<p>\n<\/div><\/div><\/div><\/div><\/div><\/div><div class=\"wpb_column pos-top pos-center align_left column_parent col-lg-4 single-internal-gutter\"><div class=\"uncol style-light\"  ><div class=\"uncoltable\"><div class=\"uncell no-block-padding\" ><div class=\"uncont\" ><div class=\"vc_custom_heading_wrap\"><div class=\"heading-text el-text\" ><h2 class=\"h2\" ><span>Recherche<\/span><\/h2><\/div><div class=\"clear\"><\/div><\/div><div class=\"uncode_text_column\" ><\/p>\n<ul>\n<li><a href=\"https:\/\/wekh.ca\/research\/etat-des-lieux-de-lentrepreneuriat-feminin-pleins-feux-sur-les-femmes-entrepreneures-noires\/?lang=fr\" target=\"_blank\" rel=\"noopener\">\u00c9tat des lieux de l\u2019entrepreneuriat f\u00e9minin : Pleins feux sur les femmes entrepreneures noires<\/a><\/li>\n<\/ul>\n<p>\n<\/div><\/div><\/div><\/div><\/div><\/div><script id=\"script-row-unique-0\" data-row=\"script-row-unique-0\" type=\"text\/javascript\" class=\"vc_controls\">UNCODE.initRow(document.getElementById(\"row-unique-0\"));<\/script><\/div><\/div><\/div><div data-parent=\"true\" class=\"vc_row row-container\" id=\"row-unique-1\"><div class=\"row quad-top-padding no-bottom-padding single-h-padding limit-width row-parent\"><div class=\"wpb_row row-inner\"><div class=\"wpb_column pos-top pos-center align_left column_parent col-lg-4 single-internal-gutter\"><div class=\"uncol style-light\"  ><div class=\"uncoltable\"><div class=\"uncell no-block-padding\" ><div class=\"uncont\" ><div class=\"vc_custom_heading_wrap\"><div class=\"heading-text el-text\" ><h2 class=\"h2\" ><span>Constitution en soci\u00e9t\u00e9<\/span><\/h2><\/div><div class=\"clear\"><\/div><\/div><div class=\"uncode_text_column\" ><\/p>\n<ul>\n<li><a href=\"https:\/\/wekh.ca\/guide-de-ressources-sur-lincorporation\/?lang=fr\">Guide de ressource sur l\u2019incorporation par le PCFE<\/a><\/li>\n<li><a href=\"https:\/\/www.bdc.ca\/fr\/articles-outils\/demarrer-acheter-entreprise\/demarrer-entreprise\/structures-entreprise-avantages-chacune\">Choisir la structure d'entreprise qui vous convient par la BDC<\/a><\/li>\n<li><a href=\"https:\/\/www.canada.ca\/fr\/services\/entreprises\/lancer\/enregistrer-entreprise-aupres-gouvernement\/enregistrement-entreprise-proprietaire-societe-collectif.html\">Enregistrement d'une entreprise \u00e0 propri\u00e9taire unique ou d'une soci\u00e9t\u00e9 en nom collectif par le Gouvernement du Canada<\/a><\/li>\n<\/ul>\n<p>\n<\/div><\/div><\/div><\/div><\/div><\/div><div class=\"wpb_column pos-top pos-center align_left column_parent col-lg-8 single-internal-gutter\"><div class=\"uncol style-light\"  ><div class=\"uncoltable\"><div class=\"uncell no-block-padding\" ><div class=\"uncont\" ><div class=\"vc_custom_heading_wrap\"><div class=\"heading-text el-text\" ><h2 class=\"h2\" ><span>Exportation<\/span><\/h2><\/div><div class=\"clear\"><\/div><\/div><div class=\"vc_row row-internal row-container\"><div class=\"row row-child\"><div class=\"wpb_row row-inner\"><div class=\"wpb_column pos-top pos-center align_left column_child col-lg-6 single-internal-gutter\"><div class=\"uncol style-light\" ><div class=\"uncoltable\"><div class=\"uncell no-block-padding\" ><div class=\"uncont\" ><div class=\"uncode_text_column\" ><\/p>\n<ul>\n<li><a href=\"https:\/\/www.bdc.ca\/fr\/articles-outils\/marketing-ventes-exportation\">Marketing, ventes et exportation par la BDC<\/a><\/li>\n<li><a href=\"https:\/\/www.edc.ca\/fr\/outil\/centre-aide-export.html?utm_source=Growing+Global&amp;utm_campaign=a3e31d1b74-EMAIL_CAMPAIGN_2020_10_05_07_03&amp;utm_medium=email&amp;utm_term=0_76f556ed44-a3e31d1b74-76361705\">Le Centre aide-export d\u2019EDC<\/a><\/li>\n<li><a href=\"https:\/\/www.edc.ca\/fr\/outil\/verif-entreprise.html?utm_source=Growing+Global&amp;utm_campaign=a3e31d1b74-EMAIL_CAMPAIGN_2020_10_05_07_03&amp;utm_medium=email&amp;utm_term=0_76f556ed44-a3e31d1b74-76361705\">V\u00e9rif-entreprise d\u2019EDC<\/a><\/li>\n<li><a href=\"https:\/\/fittfortrade.com\/fr\/srie-fitthabilets-allge\">S\u00e9rie FITThabilet\u00e9s all\u00e9g\u00e9es<\/a><\/li>\n<li><a href=\"https:\/\/www.edc.ca\/femmes-en-commerce?utm_source=Growing+Global&amp;utm_campaign=a3e31d1b74-EMAIL_CAMPAIGN_2020_10_05_07_03&amp;utm_medium=email&amp;utm_term=0_76f556ed44-a3e31d1b74-76361705\">Femmes en commerce par l\u2019EDC<\/a><\/li>\n<\/ul>\n<p>\n<\/div><\/div><\/div><\/div><\/div><\/div><div class=\"wpb_column pos-top pos-center align_left column_child col-lg-6 single-internal-gutter\"><div class=\"uncol style-light\" ><div class=\"uncoltable\"><div class=\"uncell no-block-padding\" ><div class=\"uncont\" ><div class=\"uncode_text_column\" ><\/p>\n<ul>\n<li><a href=\"https:\/\/www.economie.gouv.qc.ca\/objectifs\/exporter\/accueil-export-quebec\/page\/programmes-20556\/?tx_igaffichagepages_pi1backPid=23169&amp;no_cache=1&amp;tx_igaffichagepages_pi1mode=single&amp;tx_igaffichagepages_pi1parentPid=23159&amp;cHash=cd9dcfbebc5ee99c1a0e677a12b6dcea\">Programme Exportation - volet Entreprises par Investissement Qu\u00e9bec<\/a><\/li>\n<li><a href=\"https:\/\/www2.gouv.qc.ca\/entreprises\/portail\/quebec\/commerceexterieur?lang=fr&amp;g=commerceexterieur&amp;sg=exportation\">Exportation par le Gouvernement du Qu\u00e9bec avec Entreprises Qu\u00e9bec<\/a><\/li>\n<li><a href=\"https:\/\/wekh.ca\/research\/croitre-sur-le-marche-mondial-les-femmes-entrepreneures-et-lexportation\/?lang=fr\">Cro\u00eetre sur le march\u00e9 mondial \u2013 les femmes entrepreneures et l\u2019exportation par le PCFE<\/a><\/li>\n<li><a href=\"https:\/\/wekh.ca\/research\/grow-global-women-entrepreneurs-and-export\/\">Grow Global: Women Entrepreneurs &amp; Export<\/a> et<a href=\"https:\/\/wekh.ca\/debloquer-le-potentiel-a-lexportation-des-femmes-entrepreneures-au-canada\/?lang=fr\"> le r\u00e9sum\u00e9 du webinaire<\/a><\/li>\n<\/ul>\n<p>\n<\/div><\/div><\/div><\/div><\/div><\/div><\/div><\/div><\/div><\/div><\/div><\/div><\/div><\/div><script id=\"script-row-unique-1\" data-row=\"script-row-unique-1\" type=\"text\/javascript\" class=\"vc_controls\">UNCODE.initRow(document.getElementById(\"row-unique-1\"));<\/script><\/div><\/div><\/div><div data-parent=\"true\" class=\"vc_row row-container\" id=\"row-unique-2\"><div class=\"row quad-top-padding no-bottom-padding single-h-padding limit-width row-parent\"><div class=\"wpb_row row-inner\"><div class=\"wpb_column pos-top pos-center align_left column_parent col-lg-4 single-internal-gutter\"><div class=\"uncol style-light\"  ><div class=\"uncoltable\"><div class=\"uncell no-block-padding\" ><div class=\"uncont\" ><div class=\"vc_custom_heading_wrap\"><div class=\"heading-text el-text\" ><h2 class=\"h2\" ><span>Communaut\u00e9<\/span><\/h2><\/div><div class=\"clear\"><\/div><\/div><div class=\"uncode_text_column\" ><\/p>\n<ul>\n<li><a href=\"https:\/\/wekh.ca\/wekh-fwe-plateforme-de-partage\/?lang=fr\">Plateforme de partage PCFE\/FWE<\/a><\/li>\n<\/ul>\n<p>\n<\/div><\/div><\/div><\/div><\/div><\/div><div class=\"wpb_column pos-top pos-center align_left column_parent col-lg-4 single-internal-gutter\"><div class=\"uncol style-light\"  ><div class=\"uncoltable\"><div class=\"uncell no-block-padding\" ><div class=\"uncont\" ><div class=\"vc_custom_heading_wrap\"><div class=\"heading-text el-text\" ><h2 class=\"h2\" ><span>Autres<\/span><\/h2><\/div><div class=\"clear\"><\/div><\/div><div class=\"uncode_text_column\" ><\/p>\n<ul>\n<li><a href=\"https:\/\/www.eventbrite.ca\/o\/wwwentrepreneurspointcom-17820672565\">EP Academy Incubator Programs (Candidates du Concours de pitch \u00c9l\u00e9vation - Inscription gratuite) (en anglais seulement)<\/a><\/li>\n<li><a href=\"https:\/\/www.entrepreneurspoint.com\/networking\">EP Academy Networking Tips (en anglais seulement)<\/a><\/li>\n<li><a href=\"https:\/\/www.entrepreneurspoint.com\/fundingprograms\">EP Academy- Available Funding resources (en anglais seulement) <\/a><\/li>\n<\/ul>\n<p>\n<\/div><\/div><\/div><\/div><\/div><\/div><div class=\"wpb_column pos-top pos-center align_left column_parent col-lg-4 single-internal-gutter\"><div class=\"uncol style-light\"  ><div class=\"uncoltable\"><div class=\"uncell no-block-padding\" ><div class=\"uncont\" ><div class=\"vc_custom_heading_wrap\"><div class=\"heading-text el-text\" ><h2 class=\"h2\" ><span>Les bases du pitch<\/span><\/h2><\/div><div class=\"clear\"><\/div><\/div><div class=\"uncode_text_column\" ><\/p>\n<ul>\n<li><a href=\"https:\/\/www.bnc.ca\/entreprises\/conseils\/demarrage\/5-regles-dor-presenter-pitch.html\">5 r\u00e8gles d\u2019or pour pr\u00e9senter un bon pitch par la Banque nationale<\/a><\/li>\n<li><a href=\"https:\/\/blog.hub-grade.com\/comment-faire-un-bon-pitch\/\">Comment faire un bon pitch<\/a><\/li>\n<li><a href=\"https:\/\/www.facebook.com\/story.php?story_fbid=1644619719079360&amp;id=107676269275292\">L\u2019art du pitch par Martin Latulippe dans le cadre d\u2019un concours de pitch par l\u2019ACEE<\/a><\/li>\n<li><a href=\"https:\/\/danielehenkel.tv\/avoir-su-le-pouvoir-du-pitch\/\">Avoir su : \u00ab Le pouvoir du pitch \u00bb<\/a><\/li>\n<\/ul>\n<p>\n<\/div><\/div><\/div><\/div><\/div><\/div><script id=\"script-row-unique-2\" data-row=\"script-row-unique-2\" type=\"text\/javascript\" class=\"vc_controls\">UNCODE.initRow(document.getElementById(\"row-unique-2\"));<\/script><\/div><\/div><\/div><div data-parent=\"true\" class=\"vc_row row-container\" id=\"row-unique-3\"><div class=\"row limit-width row-parent\"><div class=\"wpb_row row-inner\"><div class=\"wpb_column pos-top pos-center align_left column_parent col-lg-12 single-internal-gutter\"><div class=\"uncol style-light\"  ><div class=\"uncoltable\"><div class=\"uncell no-block-padding\" ><div class=\"uncont\" ><div class=\"empty-space empty-triple\" ><span class=\"empty-space-inner\"><\/span><\/div>\n<\/div><\/div><\/div><\/div><\/div><script id=\"script-row-unique-3\" data-row=\"script-row-unique-3\" type=\"text\/javascript\" class=\"vc_controls\">UNCODE.initRow(document.getElementById(\"row-unique-3\"));<\/script><\/div><\/div><\/div>\n<\/div>","protected":false},"excerpt":{"rendered":"Sustaining &amp; Growing Your Business COVID-19 Resources for Women Entrepreneurs Expand Online by BDC BDC Entrepreneur\u2019s Toolkit Alberta Women Business [...]","protected":false},"author":1,"featured_media":88819,"parent":0,"menu_order":0,"comment_status":"closed","ping_status":"open","template":"","meta":{"_coblocks_attr":"","_coblocks_dimensions":"","_coblocks_responsive_height":"","_coblocks_accordion_ie_support":"","footnotes":""},"class_list":["post-88274","page","type-page","status-publish","has-post-thumbnail","hentry"],"yoast_head":"<!-- This site is optimized with the Yoast SEO plugin v27.5 - https:\/\/yoast.com\/product\/yoast-seo-wordpress\/ -->\n<title>Rise Up Pitch Competition - Resources<\/title>\n<meta name=\"description\" content=\"RiseUp is a black women entrepreneurs pitch competition and program for entrepreneurs across Canada to join and receive\u00a0support for their businesses and\u00a0the potential to win both financial and non-financial prizes.\" \/>\n<meta name=\"robots\" content=\"index, follow, max-snippet:-1, max-image-preview:large, max-video-preview:-1\" \/>\n<link rel=\"canonical\" href=\"https:\/\/riseuppitch.ca\/fr\/resources\/\" \/>\n<meta property=\"og:locale\" content=\"fr_CA\" \/>\n<meta property=\"og:type\" content=\"article\" \/>\n<meta property=\"og:title\" content=\"Rise Up Pitch Competition - Resources\" \/>\n<meta property=\"og:description\" content=\"RiseUp is a black women entrepreneurs pitch competition and program for entrepreneurs across Canada to join and receive\u00a0support for their businesses and\u00a0the potential to win both financial and non-financial prizes.\" \/>\n<meta property=\"og:url\" content=\"https:\/\/riseuppitch.ca\/fr\/resources\/\" \/>\n<meta property=\"og:site_name\" content=\"Rise Up Pitch Competition\" \/>\n<meta property=\"article:modified_time\" content=\"2022-02-09T04:00:31+00:00\" \/>\n<meta property=\"og:image\" content=\"https:\/\/riseuppitch.ca\/wp-content\/uploads\/2022\/02\/bg-circles.png\" \/>\n\t<meta property=\"og:image:width\" content=\"1920\" \/>\n\t<meta property=\"og:image:height\" content=\"763\" \/>\n\t<meta property=\"og:image:type\" content=\"image\/png\" \/>\n<meta name=\"twitter:card\" content=\"summary_large_image\" \/>\n<meta name=\"twitter:label1\" content=\"Estimation du temps de lecture\" \/>\n\t<meta name=\"twitter:data1\" content=\"2 minutes\" \/>\n<script type=\"application\/ld+json\" class=\"yoast-schema-graph\">{\"@context\":\"https:\\\/\\\/schema.org\",\"@graph\":[{\"@type\":\"WebPage\",\"@id\":\"https:\\\/\\\/riseuppitch.ca\\\/resources\\\/\",\"url\":\"https:\\\/\\\/riseuppitch.ca\\\/resources\\\/\",\"name\":\"Rise Up Pitch Competition - Resources\",\"isPartOf\":{\"@id\":\"https:\\\/\\\/riseuppitch.ca\\\/#website\"},\"primaryImageOfPage\":{\"@id\":\"https:\\\/\\\/riseuppitch.ca\\\/resources\\\/#primaryimage\"},\"image\":{\"@id\":\"https:\\\/\\\/riseuppitch.ca\\\/resources\\\/#primaryimage\"},\"thumbnailUrl\":\"https:\\\/\\\/riseuppitch.ca\\\/wp-content\\\/uploads\\\/2022\\\/02\\\/bg-circles.png\",\"datePublished\":\"2021-01-07T12:42:36+00:00\",\"dateModified\":\"2022-02-09T04:00:31+00:00\",\"description\":\"RiseUp is a black women entrepreneurs pitch competition and program for entrepreneurs across Canada to join and receive\u00a0support for their businesses and\u00a0the potential to win both financial and non-financial prizes.\",\"breadcrumb\":{\"@id\":\"https:\\\/\\\/riseuppitch.ca\\\/resources\\\/#breadcrumb\"},\"inLanguage\":\"fr-CA\",\"potentialAction\":[{\"@type\":\"ReadAction\",\"target\":[\"https:\\\/\\\/riseuppitch.ca\\\/resources\\\/\"]}]},{\"@type\":\"ImageObject\",\"inLanguage\":\"fr-CA\",\"@id\":\"https:\\\/\\\/riseuppitch.ca\\\/resources\\\/#primaryimage\",\"url\":\"https:\\\/\\\/riseuppitch.ca\\\/wp-content\\\/uploads\\\/2022\\\/02\\\/bg-circles.png\",\"contentUrl\":\"https:\\\/\\\/riseuppitch.ca\\\/wp-content\\\/uploads\\\/2022\\\/02\\\/bg-circles.png\",\"width\":1920,\"height\":763},{\"@type\":\"BreadcrumbList\",\"@id\":\"https:\\\/\\\/riseuppitch.ca\\\/resources\\\/#breadcrumb\",\"itemListElement\":[{\"@type\":\"ListItem\",\"position\":1,\"name\":\"Home\",\"item\":\"https:\\\/\\\/riseuppitch.ca\\\/\"},{\"@type\":\"ListItem\",\"position\":2,\"name\":\"Resources\"}]},{\"@type\":\"WebSite\",\"@id\":\"https:\\\/\\\/riseuppitch.ca\\\/#website\",\"url\":\"https:\\\/\\\/riseuppitch.ca\\\/\",\"name\":\"Rise Up Pitch Competition\",\"description\":\"Rise Up is a black women entrepreneurs pitch competition and program for entrepreneurs across Canada to join and receive\u00a0support for their businesses and\u00a0the potential to win both financial and non-financial prizes\",\"potentialAction\":[{\"@type\":\"SearchAction\",\"target\":{\"@type\":\"EntryPoint\",\"urlTemplate\":\"https:\\\/\\\/riseuppitch.ca\\\/?s={search_term_string}\"},\"query-input\":{\"@type\":\"PropertyValueSpecification\",\"valueRequired\":true,\"valueName\":\"search_term_string\"}}],\"inLanguage\":\"fr-CA\"}]}<\/script>\n<!-- \/ Yoast SEO plugin. -->","yoast_head_json":{"title":"Rise Up Pitch Competition - Resources","description":"RiseUp is a black women entrepreneurs pitch competition and program for entrepreneurs across Canada to join and receive\u00a0support for their businesses and\u00a0the potential to win both financial and non-financial prizes.","robots":{"index":"index","follow":"follow","max-snippet":"max-snippet:-1","max-image-preview":"max-image-preview:large","max-video-preview":"max-video-preview:-1"},"canonical":"https:\/\/riseuppitch.ca\/fr\/resources\/","og_locale":"fr_CA","og_type":"article","og_title":"Rise Up Pitch Competition - Resources","og_description":"RiseUp is a black women entrepreneurs pitch competition and program for entrepreneurs across Canada to join and receive\u00a0support for their businesses and\u00a0the potential to win both financial and non-financial prizes.","og_url":"https:\/\/riseuppitch.ca\/fr\/resources\/","og_site_name":"Rise Up Pitch Competition","article_modified_time":"2022-02-09T04:00:31+00:00","og_image":[{"width":1920,"height":763,"url":"https:\/\/riseuppitch.ca\/wp-content\/uploads\/2022\/02\/bg-circles.png","type":"image\/png"}],"twitter_card":"summary_large_image","twitter_misc":{"Estimation du temps de lecture":"2 minutes"},"schema":{"@context":"https:\/\/schema.org","@graph":[{"@type":"WebPage","@id":"https:\/\/riseuppitch.ca\/resources\/","url":"https:\/\/riseuppitch.ca\/resources\/","name":"Rise Up Pitch Competition - Resources","isPartOf":{"@id":"https:\/\/riseuppitch.ca\/#website"},"primaryImageOfPage":{"@id":"https:\/\/riseuppitch.ca\/resources\/#primaryimage"},"image":{"@id":"https:\/\/riseuppitch.ca\/resources\/#primaryimage"},"thumbnailUrl":"https:\/\/riseuppitch.ca\/wp-content\/uploads\/2022\/02\/bg-circles.png","datePublished":"2021-01-07T12:42:36+00:00","dateModified":"2022-02-09T04:00:31+00:00","description":"RiseUp is a black women entrepreneurs pitch competition and program for entrepreneurs across Canada to join and receive\u00a0support for their businesses and\u00a0the potential to win both financial and non-financial prizes.","breadcrumb":{"@id":"https:\/\/riseuppitch.ca\/resources\/#breadcrumb"},"inLanguage":"fr-CA","potentialAction":[{"@type":"ReadAction","target":["https:\/\/riseuppitch.ca\/resources\/"]}]},{"@type":"ImageObject","inLanguage":"fr-CA","@id":"https:\/\/riseuppitch.ca\/resources\/#primaryimage","url":"https:\/\/riseuppitch.ca\/wp-content\/uploads\/2022\/02\/bg-circles.png","contentUrl":"https:\/\/riseuppitch.ca\/wp-content\/uploads\/2022\/02\/bg-circles.png","width":1920,"height":763},{"@type":"BreadcrumbList","@id":"https:\/\/riseuppitch.ca\/resources\/#breadcrumb","itemListElement":[{"@type":"ListItem","position":1,"name":"Home","item":"https:\/\/riseuppitch.ca\/"},{"@type":"ListItem","position":2,"name":"Resources"}]},{"@type":"WebSite","@id":"https:\/\/riseuppitch.ca\/#website","url":"https:\/\/riseuppitch.ca\/","name":"Rise Up Pitch Competition","description":"Rise Up is a black women entrepreneurs pitch competition and program for entrepreneurs across Canada to join and receive\u00a0support for their businesses and\u00a0the potential to win both financial and non-financial prizes","potentialAction":[{"@type":"SearchAction","target":{"@type":"EntryPoint","urlTemplate":"https:\/\/riseuppitch.ca\/?s={search_term_string}"},"query-input":{"@type":"PropertyValueSpecification","valueRequired":true,"valueName":"search_term_string"}}],"inLanguage":"fr-CA"}]}},"_links":{"self":[{"href":"https:\/\/riseuppitch.ca\/fr\/wp-json\/wp\/v2\/pages\/88274","targetHints":{"allow":["GET"]}}],"collection":[{"href":"https:\/\/riseuppitch.ca\/fr\/wp-json\/wp\/v2\/pages"}],"about":[{"href":"https:\/\/riseuppitch.ca\/fr\/wp-json\/wp\/v2\/types\/page"}],"author":[{"embeddable":true,"href":"https:\/\/riseuppitch.ca\/fr\/wp-json\/wp\/v2\/users\/1"}],"replies":[{"embeddable":true,"href":"https:\/\/riseuppitch.ca\/fr\/wp-json\/wp\/v2\/comments?post=88274"}],"version-history":[{"count":12,"href":"https:\/\/riseuppitch.ca\/fr\/wp-json\/wp\/v2\/pages\/88274\/revisions"}],"predecessor-version":[{"id":88820,"href":"https:\/\/riseuppitch.ca\/fr\/wp-json\/wp\/v2\/pages\/88274\/revisions\/88820"}],"wp:featuredmedia":[{"embeddable":true,"href":"https:\/\/riseuppitch.ca\/fr\/wp-json\/wp\/v2\/media\/88819"}],"wp:attachment":[{"href":"https:\/\/riseuppitch.ca\/fr\/wp-json\/wp\/v2\/media?parent=88274"}],"curies":[{"name":"wp","href":"https:\/\/api.w.org\/{rel}","templated":true}]}}