{"id":88717,"date":"2021-02-27T14:48:40","date_gmt":"2021-02-27T14:48:40","guid":{"rendered":"https:\/\/riseuppitch.ca\/?page_id=88717"},"modified":"2023-04-03T23:23:24","modified_gmt":"2023-04-03T23:23:24","slug":"home-2","status":"publish","type":"page","link":"https:\/\/riseuppitch.ca\/fr\/","title":{"rendered":"Home"},"content":{"rendered":"<div class=\"wpb-content-wrapper\"><div data-parent=\"true\" class=\"vc_row row-container\" id=\"row-unique-0\"><div class=\"row no-top-padding no-bottom-padding no-h-padding row-slider row-parent\" data-height-ratio=\"full\"><div class=\"owl-carousel-wrapper style-dark\"><div class=\"uncode-slider owl-carousel-container owl-dots-inside owl-dots-align-center\"><div id=\"uslider_554589867\" class=\"owl-carousel owl-element owl-dots-inside owl-height-forced\" data-loop=\"false\" data-autoheight=\"false\" data-nav=\"false\" data-dotsmobile=\"false\" data-dots=\"false\" data-navspeed=\"0\" data-autoplay=\"false\" data-lg=\"1\" data-md=\"1\" data-sm=\"1\" data-limit-width=\"false\"><div class=\"vc_row style-color-336040-bg row-internal row-container\"><div class=\"row-background background-element\">\n\t\t\t\t\t\t\t\t\t\t\t<div class=\"background-wrapper\">\n\t\t\t\t\t\t\t\t\t\t\t\t<div class=\"background-inner\" style=\"background-image: url(https:\/\/riseuppitch.ca\/wp-content\/uploads\/2022\/02\/Rise-Up-Image-16.png);background-repeat: no-repeat;background-position: center bottom;background-attachment: scroll;background-size: cover;\"><\/div>\n\t\t\t\t\t\t\t\t\t\t\t\t\n\t\t\t\t\t\t\t\t\t\t\t<\/div>\n\t\t\t\t\t\t\t\t\t\t<\/div><div class=\"row single-top-padding single-bottom-padding single-h-padding row-child limit-width\"><div class=\"wpb_row row-inner\"><div class=\"wpb_column pos-middle pos-left align_left column_child col-lg-6 single-internal-gutter\"><div class=\"uncol style-spec style-dark\" ><div class=\"uncoltable\"><div class=\"uncell no-block-padding\" ><div class=\"uncont\" ><div class=\"uncode-single-media  text-left animate_when_almost_visible alpha-anim\"><div class=\"single-wrapper\" style=\"max-width: 63%;\"><div class=\"tmb tmb-light  tmb-media-first tmb-media-last tmb-content-overlay tmb-no-bg\"><div class=\"t-inside\"><div class=\"t-entry-visual\"><div class=\"t-entry-visual-tc\"><div class=\"uncode-single-media-wrapper\"><div class=\"fluid-svg\"><span id=\"icon-437457\" style=\"width:100%\" class=\"icon-media\"><img decoding=\"async\" src=\"https:\/\/riseuppitch.ca\/wp-content\/uploads\/2022\/09\/logo-Rise-Up.svg\" alt=\"\"><\/span><\/div><\/div>\n\t\t\t\t\t<\/div>\n\t\t\t\t<\/div><\/div><\/div><\/div><\/div><div class=\"vc_custom_heading_wrap\"><div class=\"heading-text el-text alpha-anim animate_when_almost_visible\" ><h1 class=\"h1 text-color-xsdn-color\" ><span>Welcome to Pitch Week!<\/span><\/h1><\/div><div class=\"clear\"><\/div><\/div><span class=\"btn-container\" ><a role=\"button\"  href=\"https:\/\/riseuppitch.ca\/fr\/2023-winners\/\" class=\"custom-link btn border-width-0 btn-default btn-icon-left\">Meet Our Winners<\/a><\/span><span class=\"btn-container\" ><a role=\"button\"  href=\"https:\/\/riseuppitch.ca\/fr\/2023-semi-finalists\/\" class=\"custom-link btn border-width-0 btn-default btn-icon-left\">Meet Our Top 24-Semi Finalists<\/a><\/span><span class=\"btn-container\" ><a role=\"button\"  href=\"https:\/\/riseuppitch.ca\/fr\/about\/judges-pitch-coaches\/\" class=\"custom-link btn border-width-0 btn-default btn-icon-left\" title=\"Meet Our Final Pitch Judges\">Meet Our Final Pitch Judges<\/a><\/span><\/div><\/div><\/div><\/div><\/div><div class=\"wpb_column pos-top pos-center align_left column_child col-lg-6 single-internal-gutter\"><div class=\"uncol style-light\" ><div class=\"uncoltable\"><div class=\"uncell no-block-padding\" ><div class=\"uncont\" ><\/div><\/div><\/div><\/div><\/div><\/div><\/div><\/div><\/div><div class=\"uncode_slider-dot_classes single-h-padding\"><\/div><\/div><\/div><script id=\"script-row-unique-0\" data-row=\"script-row-unique-0\" type=\"text\/javascript\" class=\"vc_controls\">UNCODE.initRow(document.getElementById(\"row-unique-0\"));<\/script><\/div><\/div><div data-parent=\"true\" class=\"vc_row row-container\" id=\"row-unique-1\"><div class=\"row-background background-element\">\n\t\t\t\t\t\t\t\t\t\t\t<div class=\"background-wrapper\">\n\t\t\t\t\t\t\t\t\t\t\t\t<div class=\"background-inner\" style=\"background-image: url(https:\/\/riseuppitch.ca\/wp-content\/uploads\/2022\/02\/circles-pink-light.jpg);background-repeat: no-repeat;background-position: center top;background-attachment: scroll;background-size: cover;\"><\/div>\n\t\t\t\t\t\t\t\t\t\t\t\t\n\t\t\t\t\t\t\t\t\t\t\t<\/div>\n\t\t\t\t\t\t\t\t\t\t<\/div><div class=\"row quad-top-padding quad-bottom-padding single-h-padding limit-width row-parent\"><div class=\"wpb_row row-inner\"><div class=\"wpb_column pos-top pos-center align_left column_parent col-lg-12 single-internal-gutter\"><div class=\"uncol style-light\"  ><div class=\"uncoltable\"><div class=\"uncell no-block-padding\" ><div class=\"uncont\" ><div class=\"vc_custom_heading_wrap\"><div class=\"heading-text el-text alpha-anim animate_when_almost_visible\" ><h1 class=\"h1 text-color-jevc-color\" ><span>Rise Up Women+<\/span><\/h1><\/div><div class=\"clear\"><\/div><\/div><div class=\"uncode_text_column vc_custom_1676318011151 alpha-anim animate_when_almost_visible\"  style=\"margin-bottom: 40px ;\"><p>Rise up est maintenant plus qu'un concours de pr\u00e9sentation. Le BBPA l'a transform\u00e9 en un programme complet d'entrepreneuriat pour les femmes noires appel\u00e9 <strong>RiseUp Women+<\/strong>.<\/p>\n<p><span style=\"font-weight: 400;\">The third annual RiseUp Pitch Competition and Program offers the opportunity for Black Women+ entrepreneurs at different stages of business to pitch for the chance to win $10,000 and access to entrepreneurial development resources.\u00a0<\/span><\/p>\n<p><span style=\"font-weight: 400;\">Organized by Black Business &amp; Professional Association (BBPA), with support from, The Diversity Institute, Royal Bank of Canada (RBC), Bank of Montreal (BMO), Loblaw Companies Limited, The Globe and Mail, Future Skills Centre, and the Women Entrepreneurship Knowledge Hub (WEKH), RiseUp Women+ has been designed to help Black women entrepreneurs develop key skills, build their networks, and find the support they need to succeed.<\/span><\/p>\n<p><b>Applications are now closed. Follow us on Instagram for future information on Rise Up!<\/b><\/p>\n<\/div><span class=\"btn-container animate_when_almost_visible alpha-anim\" ><a role=\"button\"  href=\"https:\/\/riseuppitch.ca\/fr\/about\/\" class=\"custom-link btn btn-lg border-width-0 btn-color-336040 btn-round btn-icon-left\">Learn More<\/a><\/span><\/div><\/div><\/div><\/div><\/div><script id=\"script-row-unique-1\" data-row=\"script-row-unique-1\" type=\"text\/javascript\" class=\"vc_controls\">UNCODE.initRow(document.getElementById(\"row-unique-1\"));<\/script><\/div><\/div><\/div><div data-parent=\"true\" class=\"vc_row row-container\" id=\"register\"><div class=\"row-background background-element\">\n\t\t\t\t\t\t\t\t\t\t\t<div class=\"background-wrapper\">\n\t\t\t\t\t\t\t\t\t\t\t\t<div class=\"background-inner\" style=\"background-image: url(https:\/\/riseuppitch.ca\/wp-content\/uploads\/2022\/02\/Rise-Up-Image-1.png);background-repeat: no-repeat;background-position: center top;background-attachment: scroll;background-size: cover;\"><\/div>\n\t\t\t\t\t\t\t\t\t\t\t\t\n\t\t\t\t\t\t\t\t\t\t\t<\/div>\n\t\t\t\t\t\t\t\t\t\t<\/div><div class=\"row quad-top-padding quad-bottom-padding single-h-padding limit-width row-parent\"><div class=\"wpb_row row-inner\"><div class=\"wpb_column pos-middle pos-left align_left column_parent col-lg-12 single-internal-gutter\"><div class=\"uncol style-spec style-dark\"  ><div class=\"uncoltable\"><div class=\"uncell no-block-padding\" ><div class=\"uncont\" ><div class=\"vc_custom_heading_wrap text-pink\"><div class=\"heading-text el-text bottom-t-top animate_when_almost_visible\" ><h1 class=\"h1 text-color-jevc-color\" ><span>Ressources<\/span><\/h1><\/div><div class=\"clear\"><\/div><\/div><div class=\"vc_custom_heading_wrap\"><div class=\"heading-text el-text alpha-anim animate_when_almost_visible\" ><h4 class=\"h4 text-color-xsdn-color\" ><span>Voir les ressources pour les entrepreneures sur les sujets :<\/span><\/h4><\/div><div class=\"clear\"><\/div><\/div><div class=\"vc_row row-internal row-container\"><div class=\"row row-child\"><div class=\"wpb_row row-inner\"><div class=\"wpb_column pos-top pos-center align_left column_child col-lg-4 single-internal-gutter\"><div class=\"uncol style-light\" ><div class=\"uncoltable\"><div class=\"uncell no-block-padding\" ><div class=\"uncont\" ><div class=\"vc_custom_heading_wrap\"><div class=\"heading-text el-text alpha-anim animate_when_almost_visible\" ><h4 class=\"h4 text-color-xsdn-color\" ><span><\/p><\/span><span><ul><\/span><span><li>Maintenir et d\u00e9velopper votre entreprise<\/li><\/span><span><li>Mod\u00e8les, eBooks et exemples de r\u00e9ussite<\/li><\/span><span><li>Recherche<\/li><\/span><span><li>Constitution en soci\u00e9t\u00e9<\/li><\/span><span><\/ul><\/span><span><p><\/span><\/h4><\/div><div class=\"clear\"><\/div><\/div><\/div><\/div><\/div><\/div><\/div><div class=\"wpb_column pos-top pos-center align_left column_child col-lg-4 single-internal-gutter\"><div class=\"uncol style-light\" ><div class=\"uncoltable\"><div class=\"uncell no-block-padding\" ><div class=\"uncont\" ><div class=\"vc_custom_heading_wrap\"><div class=\"heading-text el-text alpha-anim animate_when_almost_visible\" ><h4 class=\"h4 text-color-xsdn-color\" ><span><\/p><\/span><span><ul><\/span><span><li>Exportation<\/li><\/span><span><li>Communaut\u00e9<\/li><\/span><span><li>Les bases du pitch<\/li><\/span><span><\/ul><\/span><span><p><\/span><\/h4><\/div><div class=\"clear\"><\/div><\/div><\/div><\/div><\/div><\/div><\/div><div class=\"wpb_column pos-top pos-center align_left column_child col-lg-4 single-internal-gutter\"><div class=\"uncol style-light\" ><div class=\"uncoltable\"><div class=\"uncell no-block-padding\" ><div class=\"uncont\" ><\/div><\/div><\/div><\/div><\/div><\/div><\/div><\/div><span class=\"btn-container animate_when_almost_visible alpha-anim\" ><a role=\"button\"  href=\"https:\/\/riseuppitch.ca\/fr\/resources\/\" class=\"custom-link btn border-width-0 btn-text-skin btn-color-jevc btn-round btn-icon-left\" title=\"Ressources\">Vers les ressources<\/a><\/span><\/div><\/div><\/div><\/div><\/div><script id=\"script-register\" data-row=\"script-register\" type=\"text\/javascript\" class=\"vc_controls\">UNCODE.initRow(document.getElementById(\"register\"));<\/script><\/div><\/div><\/div><div data-parent=\"true\" class=\"vc_row row-container desktop-hidden tablet-hidden mobile-hidden\" id=\"row-unique-2\"><div class=\"row-background background-element\">\n\t\t\t\t\t\t\t\t\t\t\t<div class=\"background-wrapper\">\n\t\t\t\t\t\t\t\t\t\t\t\t<div class=\"background-inner\" style=\"background-image: url(https:\/\/riseuppitch.ca\/wp-content\/uploads\/2020\/12\/female-image.jpg);background-repeat: no-repeat;background-position: center top;background-attachment: scroll;background-size: cover;\"><\/div>\n\t\t\t\t\t\t\t\t\t\t\t\t\n\t\t\t\t\t\t\t\t\t\t\t<\/div>\n\t\t\t\t\t\t\t\t\t\t<\/div><div class=\"row quad-top-padding quad-bottom-padding single-h-padding limit-width row-parent\"><div class=\"wpb_row row-inner\"><div class=\"wpb_column pos-middle pos-left align_left column_parent col-lg-8 single-internal-gutter\"><div class=\"uncol style-light\"  ><div class=\"uncoltable\"><div class=\"uncell no-block-padding\" ><div class=\"uncont\" ><div class=\"vc_custom_heading_wrap\"><div class=\"heading-text el-text bottom-t-top animate_when_almost_visible\" ><h1 class=\"h1 text-accent-color\" ><span>Cat\u00e9gories des prix<\/span><\/h1><\/div><div class=\"clear\"><\/div><\/div><div class=\"uncode_text_column alpha-anim animate_when_almost_visible\" ><p><span style=\"color: #ffffff;\">Le Programme \u00c9l\u00e9vation comprend huit cat\u00e9gories de prix diff\u00e9rentes repr\u00e9sentant divers secteurs, entreprises et \u00e9tapes de la vie. Des prix financiers et r\u00e9compenses non-mon\u00e9taires seront d\u00e9cern\u00e9s aux laur\u00e9ates.<\/span><\/p>\n<\/div><div class=\"vc_row row-internal row-container\"><div class=\"row row-child\"><div class=\"wpb_row row-inner\"><div class=\"wpb_column pos-top pos-center align_left column_child col-lg-6 single-internal-gutter\"><div class=\"uncol style-light\" ><div class=\"uncoltable\"><div class=\"uncell no-block-padding\" ><div class=\"uncont\" ><div class=\"vc_custom_heading_wrap\"><div class=\"heading-text el-text bottom-t-top animate_when_almost_visible\" ><\/p>\n<ul style=\"color: #ffffff;\">\n<li>\n<h4><span style=\"color: #ffffff;\">Jeunes pousses<\/span><\/h4>\n<\/li>\n<li>\n<h4><span style=\"color: #ffffff;\">Jeunes entrepreneures<br \/>\n(18-24)<\/span><\/h4>\n<\/li>\n<li>\n<h4><span style=\"color: #ffffff;\">H\u00e9bergement et restauration<\/span><\/h4>\n<\/li>\n<li>\n<h4><span style=\"color: #ffffff;\">Biens de consommation et services<\/span><\/h4>\n<\/li>\n<\/ul>\n<p>\n<\/div><div class=\"clear\"><\/div><\/div><\/div><\/div><\/div><\/div><\/div><div class=\"wpb_column pos-top pos-center align_left column_child col-lg-6 single-internal-gutter\"><div class=\"uncol style-light\" ><div class=\"uncoltable\"><div class=\"uncell no-block-padding\" ><div class=\"uncont\" ><div class=\"vc_custom_heading_wrap\"><div class=\"heading-text el-text bottom-t-top animate_when_almost_visible\" data-delay=\"300\"><\/p>\n<ul style=\"color: #ffffff;\">\n<li>\n<h4><span style=\"color: #ffffff;\">Technologie et industrie manufacturi\u00e8re<\/span><\/h4>\n<\/li>\n<li>\n<h4><span style=\"color: #ffffff;\">Cat\u00e9gorie Services aux entreprises<\/span><\/h4>\n<\/li>\n<li>\n<h4><span style=\"color: #ffffff;\">Entreprises cr\u00e9atives<\/span><\/h4>\n<\/li>\n<li>\n<h4><span style=\"color: #ffffff;\">Innovation\/reconversion suite \u00e0 la COVID-19<\/span><\/h4>\n<\/li>\n<\/ul>\n<p>\n<\/div><div class=\"clear\"><\/div><\/div><\/div><\/div><\/div><\/div><\/div><\/div><\/div><\/div><span class=\"btn-container animate_when_almost_visible alpha-anim\" ><a role=\"button\"  href=\"https:\/\/riseuppitch.ca\/fr\/about\/\" class=\"custom-link btn border-width-0 blkbtntext btn-accent btn-round btn-icon-left\" title=\"\u00c0 propos\">ALLER AUX PRIX<\/a><\/span><div class=\"empty-space empty-single\" ><span class=\"empty-space-inner\"><\/span><\/div>\n<\/div><\/div><\/div><\/div><\/div><div class=\"wpb_column pos-top pos-center align_left column_parent col-lg-4 single-internal-gutter\"><div class=\"uncol style-light\"  ><div class=\"uncoltable\"><div class=\"uncell no-block-padding\" ><div class=\"uncont\" ><\/div><\/div><\/div><\/div><\/div><script id=\"script-row-unique-2\" data-row=\"script-row-unique-2\" type=\"text\/javascript\" class=\"vc_controls\">UNCODE.initRow(document.getElementById(\"row-unique-2\"));<\/script><\/div><\/div><\/div>\n<\/div>","protected":false},"excerpt":{"rendered":"Welcome to Pitch Week!Meet Our WinnersMeet Our Top 24-Semi FinalistsMeet Our Final Pitch Judges Rise Up Women+Rise up is now [...]","protected":false},"author":1,"featured_media":0,"parent":0,"menu_order":0,"comment_status":"closed","ping_status":"closed","template":"","meta":{"_coblocks_attr":"","_coblocks_dimensions":"","_coblocks_responsive_height":"","_coblocks_accordion_ie_support":"","footnotes":""},"class_list":["post-88717","page","type-page","status-publish","hentry","page_category-classic"],"yoast_head":"<!-- This site is optimized with the Yoast SEO plugin v27.4 - https:\/\/yoast.com\/product\/yoast-seo-wordpress\/ -->\n<title>Rise Up Pitch Competition<\/title>\n<meta name=\"description\" content=\"Rise Up is a black women entrepreneurs pitch competition and program for entrepreneurs across Canada to join and receive\u00a0support for their businesses and\u00a0the potential to win both financial and non-financial prizes.\" \/>\n<meta name=\"robots\" content=\"index, follow, max-snippet:-1, max-image-preview:large, max-video-preview:-1\" \/>\n<link rel=\"canonical\" href=\"https:\/\/riseuppitch.ca\/fr\/\" \/>\n<meta property=\"og:locale\" content=\"fr_CA\" \/>\n<meta property=\"og:type\" content=\"article\" \/>\n<meta property=\"og:title\" content=\"Rise Up Pitch Competition\" \/>\n<meta property=\"og:description\" content=\"Rise Up is a black women entrepreneurs pitch competition and program for entrepreneurs across Canada to join and receive\u00a0support for their businesses and\u00a0the potential to win both financial and non-financial prizes.\" \/>\n<meta property=\"og:url\" content=\"https:\/\/riseuppitch.ca\/fr\/\" \/>\n<meta property=\"og:site_name\" content=\"Rise Up Pitch Competition\" \/>\n<meta property=\"article:modified_time\" content=\"2023-04-03T23:23:24+00:00\" \/>\n<meta name=\"twitter:card\" content=\"summary_large_image\" \/>\n<meta name=\"twitter:label1\" content=\"Estimation du temps de lecture\" \/>\n\t<meta name=\"twitter:data1\" content=\"2 minutes\" \/>\n<script type=\"application\/ld+json\" class=\"yoast-schema-graph\">{\"@context\":\"https:\\\/\\\/schema.org\",\"@graph\":[{\"@type\":\"WebPage\",\"@id\":\"https:\\\/\\\/riseuppitch.ca\\\/\",\"url\":\"https:\\\/\\\/riseuppitch.ca\\\/\",\"name\":\"Rise Up Pitch Competition\",\"isPartOf\":{\"@id\":\"https:\\\/\\\/riseuppitch.ca\\\/#website\"},\"datePublished\":\"2021-02-27T14:48:40+00:00\",\"dateModified\":\"2023-04-03T23:23:24+00:00\",\"description\":\"Rise Up is a black women entrepreneurs pitch competition and program for entrepreneurs across Canada to join and receive\u00a0support for their businesses and\u00a0the potential to win both financial and non-financial prizes.\",\"breadcrumb\":{\"@id\":\"https:\\\/\\\/riseuppitch.ca\\\/#breadcrumb\"},\"inLanguage\":\"fr-CA\",\"potentialAction\":[{\"@type\":\"ReadAction\",\"target\":[\"https:\\\/\\\/riseuppitch.ca\\\/\"]}]},{\"@type\":\"BreadcrumbList\",\"@id\":\"https:\\\/\\\/riseuppitch.ca\\\/#breadcrumb\",\"itemListElement\":[{\"@type\":\"ListItem\",\"position\":1,\"name\":\"Home\",\"item\":\"https:\\\/\\\/riseuppitch.ca\\\/\"},{\"@type\":\"ListItem\",\"position\":2,\"name\":\"Home\"}]},{\"@type\":\"WebSite\",\"@id\":\"https:\\\/\\\/riseuppitch.ca\\\/#website\",\"url\":\"https:\\\/\\\/riseuppitch.ca\\\/\",\"name\":\"Rise Up Pitch Competition\",\"description\":\"Rise Up is a black women entrepreneurs pitch competition and program for entrepreneurs across Canada to join and receive\u00a0support for their businesses and\u00a0the potential to win both financial and non-financial prizes\",\"potentialAction\":[{\"@type\":\"SearchAction\",\"target\":{\"@type\":\"EntryPoint\",\"urlTemplate\":\"https:\\\/\\\/riseuppitch.ca\\\/?s={search_term_string}\"},\"query-input\":{\"@type\":\"PropertyValueSpecification\",\"valueRequired\":true,\"valueName\":\"search_term_string\"}}],\"inLanguage\":\"fr-CA\"}]}<\/script>\n<!-- \/ Yoast SEO plugin. -->","yoast_head_json":{"title":"Rise Up Pitch Competition","description":"Rise Up is a black women entrepreneurs pitch competition and program for entrepreneurs across Canada to join and receive\u00a0support for their businesses and\u00a0the potential to win both financial and non-financial prizes.","robots":{"index":"index","follow":"follow","max-snippet":"max-snippet:-1","max-image-preview":"max-image-preview:large","max-video-preview":"max-video-preview:-1"},"canonical":"https:\/\/riseuppitch.ca\/fr\/","og_locale":"fr_CA","og_type":"article","og_title":"Rise Up Pitch Competition","og_description":"Rise Up is a black women entrepreneurs pitch competition and program for entrepreneurs across Canada to join and receive\u00a0support for their businesses and\u00a0the potential to win both financial and non-financial prizes.","og_url":"https:\/\/riseuppitch.ca\/fr\/","og_site_name":"Rise Up Pitch Competition","article_modified_time":"2023-04-03T23:23:24+00:00","twitter_card":"summary_large_image","twitter_misc":{"Estimation du temps de lecture":"2 minutes"},"schema":{"@context":"https:\/\/schema.org","@graph":[{"@type":"WebPage","@id":"https:\/\/riseuppitch.ca\/","url":"https:\/\/riseuppitch.ca\/","name":"Rise Up Pitch Competition","isPartOf":{"@id":"https:\/\/riseuppitch.ca\/#website"},"datePublished":"2021-02-27T14:48:40+00:00","dateModified":"2023-04-03T23:23:24+00:00","description":"Rise Up is a black women entrepreneurs pitch competition and program for entrepreneurs across Canada to join and receive\u00a0support for their businesses and\u00a0the potential to win both financial and non-financial prizes.","breadcrumb":{"@id":"https:\/\/riseuppitch.ca\/#breadcrumb"},"inLanguage":"fr-CA","potentialAction":[{"@type":"ReadAction","target":["https:\/\/riseuppitch.ca\/"]}]},{"@type":"BreadcrumbList","@id":"https:\/\/riseuppitch.ca\/#breadcrumb","itemListElement":[{"@type":"ListItem","position":1,"name":"Home","item":"https:\/\/riseuppitch.ca\/"},{"@type":"ListItem","position":2,"name":"Home"}]},{"@type":"WebSite","@id":"https:\/\/riseuppitch.ca\/#website","url":"https:\/\/riseuppitch.ca\/","name":"Rise Up Pitch Competition","description":"Rise Up is a black women entrepreneurs pitch competition and program for entrepreneurs across Canada to join and receive\u00a0support for their businesses and\u00a0the potential to win both financial and non-financial prizes","potentialAction":[{"@type":"SearchAction","target":{"@type":"EntryPoint","urlTemplate":"https:\/\/riseuppitch.ca\/?s={search_term_string}"},"query-input":{"@type":"PropertyValueSpecification","valueRequired":true,"valueName":"search_term_string"}}],"inLanguage":"fr-CA"}]}},"_links":{"self":[{"href":"https:\/\/riseuppitch.ca\/fr\/wp-json\/wp\/v2\/pages\/88717","targetHints":{"allow":["GET"]}}],"collection":[{"href":"https:\/\/riseuppitch.ca\/fr\/wp-json\/wp\/v2\/pages"}],"about":[{"href":"https:\/\/riseuppitch.ca\/fr\/wp-json\/wp\/v2\/types\/page"}],"author":[{"embeddable":true,"href":"https:\/\/riseuppitch.ca\/fr\/wp-json\/wp\/v2\/users\/1"}],"replies":[{"embeddable":true,"href":"https:\/\/riseuppitch.ca\/fr\/wp-json\/wp\/v2\/comments?post=88717"}],"version-history":[{"count":58,"href":"https:\/\/riseuppitch.ca\/fr\/wp-json\/wp\/v2\/pages\/88717\/revisions"}],"predecessor-version":[{"id":88865,"href":"https:\/\/riseuppitch.ca\/fr\/wp-json\/wp\/v2\/pages\/88717\/revisions\/88865"}],"wp:attachment":[{"href":"https:\/\/riseuppitch.ca\/fr\/wp-json\/wp\/v2\/media?parent=88717"}],"curies":[{"name":"wp","href":"https:\/\/api.w.org\/{rel}","templated":true}]}}