{"id":89126,"date":"2022-08-31T19:24:31","date_gmt":"2022-08-31T19:24:31","guid":{"rendered":"https:\/\/riseuppitch.ca\/?page_id=89126"},"modified":"2023-01-31T19:01:46","modified_gmt":"2023-01-31T19:01:46","slug":"watch-the-pitch","status":"publish","type":"page","link":"https:\/\/riseuppitch.ca\/fr\/watch-the-pitch\/","title":{"rendered":"Regardez le pitch"},"content":{"rendered":"<div class=\"wpb-content-wrapper\"><div data-parent=\"true\" class=\"vc_row row-container\" id=\"row-unique-0\"><div class=\"row quad-top-padding quad-bottom-padding single-h-padding limit-width row-parent\"><div class=\"wpb_row row-inner\"><div class=\"wpb_column pos-top pos-center align_left column_parent col-lg-8 single-internal-gutter\"><div class=\"uncol style-light\"  ><div class=\"uncoltable\"><div class=\"uncell no-block-padding\" ><div class=\"uncont\" ><div class=\"vc_custom_heading_wrap\"><div class=\"heading-text el-text\" ><h2 class=\"h2\" ><span>Pr\u00e9parez-vous pour Rise Up 2023<\/span><\/h2><\/div><div class=\"clear\"><\/div><\/div><div class=\"uncode_text_column\" ><p>Vous pourrez assister \u00e0 la prochaine comp\u00e9tition de pitchs Rise Up ici en mars 2023. En attendant, nous nous pr\u00e9parons pour ce grand \u00e9v\u00e9nement de pitch avec une inscription anticip\u00e9e et trois niveaux de formation entrepreneuriale virtuelle \u00e0 partir du lundi 3 octobre.<\/p>\n<p>Si vous \u00eates une femme chef d'entreprise de plus de 18 ans, quel que soit le stade de son activit\u00e9, et que vous souhaitez d\u00e9velopper des comp\u00e9tences cl\u00e9s, \u00e9largir votre r\u00e9seau et gagner des prix en esp\u00e8ces.<\/p>\n<\/div><span class=\"btn-container\" ><a role=\"button\"  href=\"https:\/\/mehhcs0ekoe.typeform.com\/to\/PoHJBSEt\" class=\"custom-link btn border-width-0 blkbtntext btn-color-336040 btn-round btn-icon-left\" target=\"_blank\">Inscrivez-vous d\u00e8s maintenant !<\/a><\/span><\/div><\/div><\/div><\/div><\/div><div class=\"wpb_column pos-top pos-center align_left column_parent col-lg-4 single-internal-gutter\"><div class=\"uncol style-light animate_when_almost_visible bottom-t-top\"  ><div class=\"uncoltable\"><div class=\"uncell single-block-padding style-color-336040-bg has-bg\" ><div class=\"uncont\" ><div class=\"vc_custom_heading_wrap\"><div class=\"heading-text el-text\" ><h3 class=\"h3\" ><span>Questions?<\/span><\/h3><\/div><div class=\"clear\"><\/div><\/div><div class=\"uncode_text_column\" ><p>Faites nous savoir si vous avez des questions<\/p>\n<\/div><span class=\"btn-container\" ><a role=\"button\"  href=\"mailto: pitch@bbpa.org\" class=\"custom-link btn border-width-0 btn-color-jevc btn-round btn-icon-left\" target=\"_blank\">Envoyer un message<\/a><\/span><\/div><\/div><\/div><\/div><\/div><script id=\"script-row-unique-0\" data-row=\"script-row-unique-0\" type=\"text\/javascript\" class=\"vc_controls\">UNCODE.initRow(document.getElementById(\"row-unique-0\"));<\/script><\/div><\/div><\/div>\n<\/div>","protected":false},"excerpt":{"rendered":"Get Ready for Rise Up 2023You\u2019ll be able to watch the next Rise Up Pitch Competition here in March 2023. [...]","protected":false},"author":2,"featured_media":88819,"parent":0,"menu_order":0,"comment_status":"closed","ping_status":"open","template":"","meta":{"_coblocks_attr":"","_coblocks_dimensions":"","_coblocks_responsive_height":"","_coblocks_accordion_ie_support":"","footnotes":""},"class_list":["post-89126","page","type-page","status-publish","has-post-thumbnail","hentry"],"yoast_head":"<!-- This site is optimized with the Yoast SEO plugin v27.5 - https:\/\/yoast.com\/product\/yoast-seo-wordpress\/ -->\n<title>Rise Up Pitch Competition - Watch The Pitch<\/title>\n<meta name=\"description\" content=\"RiseUp is a black women entrepreneurs pitch competition and program for entrepreneurs across Canada to join and receive\u00a0support for their businesses and\u00a0the potential to win both financial and non-financial prizes.\" \/>\n<meta name=\"robots\" content=\"index, follow, max-snippet:-1, max-image-preview:large, max-video-preview:-1\" \/>\n<link rel=\"canonical\" href=\"https:\/\/riseuppitch.ca\/fr\/watch-the-pitch\/\" \/>\n<meta property=\"og:locale\" content=\"fr_CA\" \/>\n<meta property=\"og:type\" content=\"article\" \/>\n<meta property=\"og:title\" content=\"Rise Up Pitch Competition - Watch The Pitch\" \/>\n<meta property=\"og:description\" content=\"RiseUp is a black women entrepreneurs pitch competition and program for entrepreneurs across Canada to join and receive\u00a0support for their businesses and\u00a0the potential to win both financial and non-financial prizes.\" \/>\n<meta property=\"og:url\" content=\"https:\/\/riseuppitch.ca\/fr\/watch-the-pitch\/\" \/>\n<meta property=\"og:site_name\" content=\"Rise Up Pitch Competition\" \/>\n<meta property=\"article:modified_time\" content=\"2023-01-31T19:01:46+00:00\" \/>\n<meta property=\"og:image\" content=\"https:\/\/riseuppitch.ca\/wp-content\/uploads\/2022\/02\/bg-circles.png\" \/>\n\t<meta property=\"og:image:width\" content=\"1920\" \/>\n\t<meta property=\"og:image:height\" content=\"763\" \/>\n\t<meta property=\"og:image:type\" content=\"image\/png\" \/>\n<meta name=\"twitter:card\" content=\"summary_large_image\" \/>\n<meta name=\"twitter:label1\" content=\"Estimation du temps de lecture\" \/>\n\t<meta name=\"twitter:data1\" content=\"1 minute\" \/>\n<script type=\"application\/ld+json\" class=\"yoast-schema-graph\">{\"@context\":\"https:\\\/\\\/schema.org\",\"@graph\":[{\"@type\":\"WebPage\",\"@id\":\"https:\\\/\\\/riseuppitch.ca\\\/watch-the-pitch\\\/\",\"url\":\"https:\\\/\\\/riseuppitch.ca\\\/watch-the-pitch\\\/\",\"name\":\"Rise Up Pitch Competition - Watch The Pitch\",\"isPartOf\":{\"@id\":\"https:\\\/\\\/riseuppitch.ca\\\/#website\"},\"primaryImageOfPage\":{\"@id\":\"https:\\\/\\\/riseuppitch.ca\\\/watch-the-pitch\\\/#primaryimage\"},\"image\":{\"@id\":\"https:\\\/\\\/riseuppitch.ca\\\/watch-the-pitch\\\/#primaryimage\"},\"thumbnailUrl\":\"https:\\\/\\\/riseuppitch.ca\\\/wp-content\\\/uploads\\\/2022\\\/02\\\/bg-circles.png\",\"datePublished\":\"2022-08-31T19:24:31+00:00\",\"dateModified\":\"2023-01-31T19:01:46+00:00\",\"description\":\"RiseUp is a black women entrepreneurs pitch competition and program for entrepreneurs across Canada to join and receive\u00a0support for their businesses and\u00a0the potential to win both financial and non-financial prizes.\",\"breadcrumb\":{\"@id\":\"https:\\\/\\\/riseuppitch.ca\\\/watch-the-pitch\\\/#breadcrumb\"},\"inLanguage\":\"fr-CA\",\"potentialAction\":[{\"@type\":\"ReadAction\",\"target\":[\"https:\\\/\\\/riseuppitch.ca\\\/watch-the-pitch\\\/\"]}]},{\"@type\":\"ImageObject\",\"inLanguage\":\"fr-CA\",\"@id\":\"https:\\\/\\\/riseuppitch.ca\\\/watch-the-pitch\\\/#primaryimage\",\"url\":\"https:\\\/\\\/riseuppitch.ca\\\/wp-content\\\/uploads\\\/2022\\\/02\\\/bg-circles.png\",\"contentUrl\":\"https:\\\/\\\/riseuppitch.ca\\\/wp-content\\\/uploads\\\/2022\\\/02\\\/bg-circles.png\",\"width\":1920,\"height\":763},{\"@type\":\"BreadcrumbList\",\"@id\":\"https:\\\/\\\/riseuppitch.ca\\\/watch-the-pitch\\\/#breadcrumb\",\"itemListElement\":[{\"@type\":\"ListItem\",\"position\":1,\"name\":\"Home\",\"item\":\"https:\\\/\\\/riseuppitch.ca\\\/\"},{\"@type\":\"ListItem\",\"position\":2,\"name\":\"Watch The Pitch\"}]},{\"@type\":\"WebSite\",\"@id\":\"https:\\\/\\\/riseuppitch.ca\\\/#website\",\"url\":\"https:\\\/\\\/riseuppitch.ca\\\/\",\"name\":\"Rise Up Pitch Competition\",\"description\":\"Rise Up is a black women entrepreneurs pitch competition and program for entrepreneurs across Canada to join and receive\u00a0support for their businesses and\u00a0the potential to win both financial and non-financial prizes\",\"potentialAction\":[{\"@type\":\"SearchAction\",\"target\":{\"@type\":\"EntryPoint\",\"urlTemplate\":\"https:\\\/\\\/riseuppitch.ca\\\/?s={search_term_string}\"},\"query-input\":{\"@type\":\"PropertyValueSpecification\",\"valueRequired\":true,\"valueName\":\"search_term_string\"}}],\"inLanguage\":\"fr-CA\"}]}<\/script>\n<!-- \/ Yoast SEO plugin. -->","yoast_head_json":{"title":"Rise Up Pitch Competition - Watch The Pitch","description":"RiseUp is a black women entrepreneurs pitch competition and program for entrepreneurs across Canada to join and receive\u00a0support for their businesses and\u00a0the potential to win both financial and non-financial prizes.","robots":{"index":"index","follow":"follow","max-snippet":"max-snippet:-1","max-image-preview":"max-image-preview:large","max-video-preview":"max-video-preview:-1"},"canonical":"https:\/\/riseuppitch.ca\/fr\/watch-the-pitch\/","og_locale":"fr_CA","og_type":"article","og_title":"Rise Up Pitch Competition - Watch The Pitch","og_description":"RiseUp is a black women entrepreneurs pitch competition and program for entrepreneurs across Canada to join and receive\u00a0support for their businesses and\u00a0the potential to win both financial and non-financial prizes.","og_url":"https:\/\/riseuppitch.ca\/fr\/watch-the-pitch\/","og_site_name":"Rise Up Pitch Competition","article_modified_time":"2023-01-31T19:01:46+00:00","og_image":[{"width":1920,"height":763,"url":"https:\/\/riseuppitch.ca\/wp-content\/uploads\/2022\/02\/bg-circles.png","type":"image\/png"}],"twitter_card":"summary_large_image","twitter_misc":{"Estimation du temps de lecture":"1 minute"},"schema":{"@context":"https:\/\/schema.org","@graph":[{"@type":"WebPage","@id":"https:\/\/riseuppitch.ca\/watch-the-pitch\/","url":"https:\/\/riseuppitch.ca\/watch-the-pitch\/","name":"Rise Up Pitch Competition - Watch The Pitch","isPartOf":{"@id":"https:\/\/riseuppitch.ca\/#website"},"primaryImageOfPage":{"@id":"https:\/\/riseuppitch.ca\/watch-the-pitch\/#primaryimage"},"image":{"@id":"https:\/\/riseuppitch.ca\/watch-the-pitch\/#primaryimage"},"thumbnailUrl":"https:\/\/riseuppitch.ca\/wp-content\/uploads\/2022\/02\/bg-circles.png","datePublished":"2022-08-31T19:24:31+00:00","dateModified":"2023-01-31T19:01:46+00:00","description":"RiseUp is a black women entrepreneurs pitch competition and program for entrepreneurs across Canada to join and receive\u00a0support for their businesses and\u00a0the potential to win both financial and non-financial prizes.","breadcrumb":{"@id":"https:\/\/riseuppitch.ca\/watch-the-pitch\/#breadcrumb"},"inLanguage":"fr-CA","potentialAction":[{"@type":"ReadAction","target":["https:\/\/riseuppitch.ca\/watch-the-pitch\/"]}]},{"@type":"ImageObject","inLanguage":"fr-CA","@id":"https:\/\/riseuppitch.ca\/watch-the-pitch\/#primaryimage","url":"https:\/\/riseuppitch.ca\/wp-content\/uploads\/2022\/02\/bg-circles.png","contentUrl":"https:\/\/riseuppitch.ca\/wp-content\/uploads\/2022\/02\/bg-circles.png","width":1920,"height":763},{"@type":"BreadcrumbList","@id":"https:\/\/riseuppitch.ca\/watch-the-pitch\/#breadcrumb","itemListElement":[{"@type":"ListItem","position":1,"name":"Home","item":"https:\/\/riseuppitch.ca\/"},{"@type":"ListItem","position":2,"name":"Watch The Pitch"}]},{"@type":"WebSite","@id":"https:\/\/riseuppitch.ca\/#website","url":"https:\/\/riseuppitch.ca\/","name":"Rise Up Pitch Competition","description":"Rise Up is a black women entrepreneurs pitch competition and program for entrepreneurs across Canada to join and receive\u00a0support for their businesses and\u00a0the potential to win both financial and non-financial prizes","potentialAction":[{"@type":"SearchAction","target":{"@type":"EntryPoint","urlTemplate":"https:\/\/riseuppitch.ca\/?s={search_term_string}"},"query-input":{"@type":"PropertyValueSpecification","valueRequired":true,"valueName":"search_term_string"}}],"inLanguage":"fr-CA"}]}},"_links":{"self":[{"href":"https:\/\/riseuppitch.ca\/fr\/wp-json\/wp\/v2\/pages\/89126","targetHints":{"allow":["GET"]}}],"collection":[{"href":"https:\/\/riseuppitch.ca\/fr\/wp-json\/wp\/v2\/pages"}],"about":[{"href":"https:\/\/riseuppitch.ca\/fr\/wp-json\/wp\/v2\/types\/page"}],"author":[{"embeddable":true,"href":"https:\/\/riseuppitch.ca\/fr\/wp-json\/wp\/v2\/users\/2"}],"replies":[{"embeddable":true,"href":"https:\/\/riseuppitch.ca\/fr\/wp-json\/wp\/v2\/comments?post=89126"}],"version-history":[{"count":4,"href":"https:\/\/riseuppitch.ca\/fr\/wp-json\/wp\/v2\/pages\/89126\/revisions"}],"predecessor-version":[{"id":89164,"href":"https:\/\/riseuppitch.ca\/fr\/wp-json\/wp\/v2\/pages\/89126\/revisions\/89164"}],"wp:featuredmedia":[{"embeddable":true,"href":"https:\/\/riseuppitch.ca\/fr\/wp-json\/wp\/v2\/media\/88819"}],"wp:attachment":[{"href":"https:\/\/riseuppitch.ca\/fr\/wp-json\/wp\/v2\/media?parent=89126"}],"curies":[{"name":"wp","href":"https:\/\/api.w.org\/{rel}","templated":true}]}}