{"id":89256,"date":"2023-03-29T03:49:35","date_gmt":"2023-03-29T03:49:35","guid":{"rendered":"https:\/\/riseuppitch.ca\/?page_id=89256"},"modified":"2024-03-25T22:09:24","modified_gmt":"2024-03-25T22:09:24","slug":"carelle-lahouri","status":"publish","type":"page","link":"https:\/\/riseuppitch.ca\/fr\/about\/carelle-lahouri\/","title":{"rendered":"Carelle Lahouri"},"content":{"rendered":"<div class=\"wpb-content-wrapper\"><div data-parent=\"true\" class=\"vc_row row-container\" id=\"row-unique-0\"><div class=\"row double-top-padding double-bottom-padding single-h-padding limit-width row-parent\"><div class=\"wpb_row row-inner\"><div class=\"wpb_column pos-top pos-center align_center column_parent col-lg-4 single-internal-gutter\"><div class=\"uncol style-light\"  ><div class=\"uncoltable\"><div class=\"uncell single-block-padding\" ><div class=\"uncont\" ><div class=\"uncode-single-media  text-center animate_when_almost_visible bottom-t-top\"><div class=\"single-wrapper\" style=\"max-width: 100%;\"><div class=\"tmb tmb-light  img-round img-round-std tmb-media-first tmb-media-last tmb-content-overlay tmb-no-bg\"><div class=\"t-inside\"><div class=\"t-entry-visual\"><div class=\"t-entry-visual-tc\"><div class=\"uncode-single-media-wrapper img-round img-round-std\"><img decoding=\"async\" class=\"wp-image-89273\" src=\"https:\/\/riseuppitch.ca\/wp-content\/uploads\/2023\/03\/Carelle-Lahouri.webp\" width=\"500\" height=\"500\" alt=\"Carelle Lahouri\" srcset=\"https:\/\/riseuppitch.ca\/wp-content\/uploads\/2023\/03\/Carelle-Lahouri.webp 500w, https:\/\/riseuppitch.ca\/wp-content\/uploads\/2023\/03\/Carelle-Lahouri-300x300.webp 300w, https:\/\/riseuppitch.ca\/wp-content\/uploads\/2023\/03\/Carelle-Lahouri-150x150.webp 150w, https:\/\/riseuppitch.ca\/wp-content\/uploads\/2023\/03\/Carelle-Lahouri-12x12.webp 12w\" sizes=\"(max-width: 500px) 100vw, 500px\" \/><\/div>\n\t\t\t\t\t<\/div>\n\t\t\t\t<\/div><\/div><\/div><\/div><\/div><\/div><\/div><\/div><\/div><\/div><div class=\"wpb_column pos-top pos-center align_left column_parent col-lg-8 single-internal-gutter\"><div class=\"uncol style-light\"  ><div class=\"uncoltable\"><div class=\"uncell no-block-padding\" ><div class=\"uncont\" ><div class=\"vc_custom_heading_wrap\"><div class=\"heading-text el-text bottom-t-top animate_when_almost_visible\" ><h2 class=\"h2\" ><span>Carelle Lahouri<\/span><\/h2><\/div><div class=\"clear\"><\/div><\/div><div class=\"vc_custom_heading_wrap\"><div class=\"heading-text el-text bottom-t-top animate_when_almost_visible\" ><h4 class=\"h5 font-weight-200\" ><span>Owner\/Chief Executive Officer<\/span><\/h4><\/div><div class=\"clear\"><\/div><\/div><div class=\"vc_custom_heading_wrap\"><div class=\"heading-text el-text bottom-t-top animate_when_almost_visible\" ><p class=\"h4 fontheight-357766 font-weight-200\" ><span>Carelle is the definition of black excellence. She&#8217;s a role model, devoted to her community.<\/span><\/p><\/div><div class=\"clear\"><\/div><\/div><div class=\"vc_custom_heading_wrap\"><div class=\"heading-text el-text bottom-t-top animate_when_almost_visible\" ><p class=\"h4 fontheight-357766 font-weight-200\" ><span>Carelle is a motivational speaker and certified business consultant, always standing panel discussions about leadership, diversity, entrepreneurship, self-esteem and everything related to DEI. Her purpose is to make women entrepreneurs&#8217; adventures easier through advice, support and mentorship.<\/span><\/p><\/div><div class=\"clear\"><\/div><\/div><div class=\"vc_custom_heading_wrap\"><div class=\"heading-text el-text bottom-t-top animate_when_almost_visible\" ><p class=\"h4 fontheight-357766 font-weight-200\" ><span>Carelle is also a food blogger and influencer. She keeps sharing her motherland&#8217;s recipes with her engaged community of over 150K followers on social media (73K on instagram, 24K on facebook, 43k on tiktok, 10K on snapchat). Here is her social media name: @instantdupalais. Carelle is working on opening the very first black luxury restaurant in Ontario. The restaurant&#8217;s grand opening is expected for May 2023 . Beside all this, Carelle has a 9 to 5 job as a business developer at Soci\u00e9t\u00e9 \u00c9conomique de l&#8217;Ontario.<\/span><\/p><\/div><div class=\"clear\"><\/div><\/div><\/div><\/div><\/div><\/div><\/div><script id=\"script-row-unique-0\" data-row=\"script-row-unique-0\" type=\"text\/javascript\" class=\"vc_controls\">UNCODE.initRow(document.getElementById(\"row-unique-0\"));<\/script><\/div><\/div><\/div>\n<\/div>","protected":false},"excerpt":{"rendered":"Carelle LahouriOwner\/Chief Executive OfficerCarelle is the definition of black excellence. She's a role model, devoted to her community.Carelle is a [...]","protected":false},"author":2,"featured_media":88819,"parent":87884,"menu_order":0,"comment_status":"closed","ping_status":"open","template":"","meta":{"_coblocks_attr":"","_coblocks_dimensions":"","_coblocks_responsive_height":"","_coblocks_accordion_ie_support":"","footnotes":""},"class_list":["post-89256","page","type-page","status-publish","has-post-thumbnail","hentry"],"yoast_head":"<!-- This site is optimized with the Yoast SEO plugin v27.5 - https:\/\/yoast.com\/product\/yoast-seo-wordpress\/ -->\n<title>Carelle Lahouri - Rise Up Pitch Competition<\/title>\n<meta name=\"description\" content=\"RiseUp is a black women entrepreneurs pitch competition and program for entrepreneurs across Canada to join and receive\u00a0support for their businesses and\u00a0the potential to win both financial and non-financial prizes.\" \/>\n<meta name=\"robots\" content=\"index, follow, max-snippet:-1, max-image-preview:large, max-video-preview:-1\" \/>\n<link rel=\"canonical\" href=\"https:\/\/riseuppitch.ca\/fr\/about\/carelle-lahouri\/\" \/>\n<meta property=\"og:locale\" content=\"fr_CA\" \/>\n<meta property=\"og:type\" content=\"article\" \/>\n<meta property=\"og:title\" content=\"Carelle Lahouri - Rise Up Pitch Competition\" \/>\n<meta property=\"og:description\" content=\"RiseUp is a black women entrepreneurs pitch competition and program for entrepreneurs across Canada to join and receive\u00a0support for their businesses and\u00a0the potential to win both financial and non-financial prizes.\" \/>\n<meta property=\"og:url\" content=\"https:\/\/riseuppitch.ca\/fr\/about\/carelle-lahouri\/\" \/>\n<meta property=\"og:site_name\" content=\"Rise Up Pitch Competition\" \/>\n<meta property=\"article:modified_time\" content=\"2024-03-25T22:09:24+00:00\" \/>\n<meta property=\"og:image\" content=\"https:\/\/riseuppitch.ca\/wp-content\/uploads\/2022\/02\/bg-circles.png\" \/>\n\t<meta property=\"og:image:width\" content=\"1920\" \/>\n\t<meta property=\"og:image:height\" content=\"763\" \/>\n\t<meta property=\"og:image:type\" content=\"image\/png\" \/>\n<meta name=\"twitter:card\" content=\"summary_large_image\" \/>\n<meta name=\"twitter:label1\" content=\"Estimation du temps de lecture\" \/>\n\t<meta name=\"twitter:data1\" content=\"2 minutes\" \/>\n<script type=\"application\/ld+json\" class=\"yoast-schema-graph\">{\"@context\":\"https:\\\/\\\/schema.org\",\"@graph\":[{\"@type\":\"WebPage\",\"@id\":\"https:\\\/\\\/riseuppitch.ca\\\/about\\\/carelle-lahouri\\\/\",\"url\":\"https:\\\/\\\/riseuppitch.ca\\\/about\\\/carelle-lahouri\\\/\",\"name\":\"Carelle Lahouri - Rise Up Pitch Competition\",\"isPartOf\":{\"@id\":\"https:\\\/\\\/riseuppitch.ca\\\/#website\"},\"primaryImageOfPage\":{\"@id\":\"https:\\\/\\\/riseuppitch.ca\\\/about\\\/carelle-lahouri\\\/#primaryimage\"},\"image\":{\"@id\":\"https:\\\/\\\/riseuppitch.ca\\\/about\\\/carelle-lahouri\\\/#primaryimage\"},\"thumbnailUrl\":\"https:\\\/\\\/riseuppitch.ca\\\/wp-content\\\/uploads\\\/2022\\\/02\\\/bg-circles.png\",\"datePublished\":\"2023-03-29T03:49:35+00:00\",\"dateModified\":\"2024-03-25T22:09:24+00:00\",\"description\":\"RiseUp is a black women entrepreneurs pitch competition and program for entrepreneurs across Canada to join and receive\u00a0support for their businesses and\u00a0the potential to win both financial and non-financial prizes.\",\"breadcrumb\":{\"@id\":\"https:\\\/\\\/riseuppitch.ca\\\/about\\\/carelle-lahouri\\\/#breadcrumb\"},\"inLanguage\":\"fr-CA\",\"potentialAction\":[{\"@type\":\"ReadAction\",\"target\":[\"https:\\\/\\\/riseuppitch.ca\\\/about\\\/carelle-lahouri\\\/\"]}]},{\"@type\":\"ImageObject\",\"inLanguage\":\"fr-CA\",\"@id\":\"https:\\\/\\\/riseuppitch.ca\\\/about\\\/carelle-lahouri\\\/#primaryimage\",\"url\":\"https:\\\/\\\/riseuppitch.ca\\\/wp-content\\\/uploads\\\/2022\\\/02\\\/bg-circles.png\",\"contentUrl\":\"https:\\\/\\\/riseuppitch.ca\\\/wp-content\\\/uploads\\\/2022\\\/02\\\/bg-circles.png\",\"width\":1920,\"height\":763},{\"@type\":\"BreadcrumbList\",\"@id\":\"https:\\\/\\\/riseuppitch.ca\\\/about\\\/carelle-lahouri\\\/#breadcrumb\",\"itemListElement\":[{\"@type\":\"ListItem\",\"position\":1,\"name\":\"Home\",\"item\":\"https:\\\/\\\/riseuppitch.ca\\\/\"},{\"@type\":\"ListItem\",\"position\":2,\"name\":\"About\",\"item\":\"https:\\\/\\\/riseuppitch.ca\\\/about\\\/\"},{\"@type\":\"ListItem\",\"position\":3,\"name\":\"Carelle Lahouri\"}]},{\"@type\":\"WebSite\",\"@id\":\"https:\\\/\\\/riseuppitch.ca\\\/#website\",\"url\":\"https:\\\/\\\/riseuppitch.ca\\\/\",\"name\":\"Rise Up Pitch Competition\",\"description\":\"Rise Up is a black women entrepreneurs pitch competition and program for entrepreneurs across Canada to join and receive\u00a0support for their businesses and\u00a0the potential to win both financial and non-financial prizes\",\"potentialAction\":[{\"@type\":\"SearchAction\",\"target\":{\"@type\":\"EntryPoint\",\"urlTemplate\":\"https:\\\/\\\/riseuppitch.ca\\\/?s={search_term_string}\"},\"query-input\":{\"@type\":\"PropertyValueSpecification\",\"valueRequired\":true,\"valueName\":\"search_term_string\"}}],\"inLanguage\":\"fr-CA\"}]}<\/script>\n<!-- \/ Yoast SEO plugin. -->","yoast_head_json":{"title":"Carelle Lahouri - Rise Up Pitch Competition","description":"RiseUp is a black women entrepreneurs pitch competition and program for entrepreneurs across Canada to join and receive\u00a0support for their businesses and\u00a0the potential to win both financial and non-financial prizes.","robots":{"index":"index","follow":"follow","max-snippet":"max-snippet:-1","max-image-preview":"max-image-preview:large","max-video-preview":"max-video-preview:-1"},"canonical":"https:\/\/riseuppitch.ca\/fr\/about\/carelle-lahouri\/","og_locale":"fr_CA","og_type":"article","og_title":"Carelle Lahouri - Rise Up Pitch Competition","og_description":"RiseUp is a black women entrepreneurs pitch competition and program for entrepreneurs across Canada to join and receive\u00a0support for their businesses and\u00a0the potential to win both financial and non-financial prizes.","og_url":"https:\/\/riseuppitch.ca\/fr\/about\/carelle-lahouri\/","og_site_name":"Rise Up Pitch Competition","article_modified_time":"2024-03-25T22:09:24+00:00","og_image":[{"width":1920,"height":763,"url":"https:\/\/riseuppitch.ca\/wp-content\/uploads\/2022\/02\/bg-circles.png","type":"image\/png"}],"twitter_card":"summary_large_image","twitter_misc":{"Estimation du temps de lecture":"2 minutes"},"schema":{"@context":"https:\/\/schema.org","@graph":[{"@type":"WebPage","@id":"https:\/\/riseuppitch.ca\/about\/carelle-lahouri\/","url":"https:\/\/riseuppitch.ca\/about\/carelle-lahouri\/","name":"Carelle Lahouri - Rise Up Pitch Competition","isPartOf":{"@id":"https:\/\/riseuppitch.ca\/#website"},"primaryImageOfPage":{"@id":"https:\/\/riseuppitch.ca\/about\/carelle-lahouri\/#primaryimage"},"image":{"@id":"https:\/\/riseuppitch.ca\/about\/carelle-lahouri\/#primaryimage"},"thumbnailUrl":"https:\/\/riseuppitch.ca\/wp-content\/uploads\/2022\/02\/bg-circles.png","datePublished":"2023-03-29T03:49:35+00:00","dateModified":"2024-03-25T22:09:24+00:00","description":"RiseUp is a black women entrepreneurs pitch competition and program for entrepreneurs across Canada to join and receive\u00a0support for their businesses and\u00a0the potential to win both financial and non-financial prizes.","breadcrumb":{"@id":"https:\/\/riseuppitch.ca\/about\/carelle-lahouri\/#breadcrumb"},"inLanguage":"fr-CA","potentialAction":[{"@type":"ReadAction","target":["https:\/\/riseuppitch.ca\/about\/carelle-lahouri\/"]}]},{"@type":"ImageObject","inLanguage":"fr-CA","@id":"https:\/\/riseuppitch.ca\/about\/carelle-lahouri\/#primaryimage","url":"https:\/\/riseuppitch.ca\/wp-content\/uploads\/2022\/02\/bg-circles.png","contentUrl":"https:\/\/riseuppitch.ca\/wp-content\/uploads\/2022\/02\/bg-circles.png","width":1920,"height":763},{"@type":"BreadcrumbList","@id":"https:\/\/riseuppitch.ca\/about\/carelle-lahouri\/#breadcrumb","itemListElement":[{"@type":"ListItem","position":1,"name":"Home","item":"https:\/\/riseuppitch.ca\/"},{"@type":"ListItem","position":2,"name":"About","item":"https:\/\/riseuppitch.ca\/about\/"},{"@type":"ListItem","position":3,"name":"Carelle Lahouri"}]},{"@type":"WebSite","@id":"https:\/\/riseuppitch.ca\/#website","url":"https:\/\/riseuppitch.ca\/","name":"Rise Up Pitch Competition","description":"Rise Up is a black women entrepreneurs pitch competition and program for entrepreneurs across Canada to join and receive\u00a0support for their businesses and\u00a0the potential to win both financial and non-financial prizes","potentialAction":[{"@type":"SearchAction","target":{"@type":"EntryPoint","urlTemplate":"https:\/\/riseuppitch.ca\/?s={search_term_string}"},"query-input":{"@type":"PropertyValueSpecification","valueRequired":true,"valueName":"search_term_string"}}],"inLanguage":"fr-CA"}]}},"_links":{"self":[{"href":"https:\/\/riseuppitch.ca\/fr\/wp-json\/wp\/v2\/pages\/89256","targetHints":{"allow":["GET"]}}],"collection":[{"href":"https:\/\/riseuppitch.ca\/fr\/wp-json\/wp\/v2\/pages"}],"about":[{"href":"https:\/\/riseuppitch.ca\/fr\/wp-json\/wp\/v2\/types\/page"}],"author":[{"embeddable":true,"href":"https:\/\/riseuppitch.ca\/fr\/wp-json\/wp\/v2\/users\/2"}],"replies":[{"embeddable":true,"href":"https:\/\/riseuppitch.ca\/fr\/wp-json\/wp\/v2\/comments?post=89256"}],"version-history":[{"count":2,"href":"https:\/\/riseuppitch.ca\/fr\/wp-json\/wp\/v2\/pages\/89256\/revisions"}],"predecessor-version":[{"id":89415,"href":"https:\/\/riseuppitch.ca\/fr\/wp-json\/wp\/v2\/pages\/89256\/revisions\/89415"}],"up":[{"embeddable":true,"href":"https:\/\/riseuppitch.ca\/fr\/wp-json\/wp\/v2\/pages\/87884"}],"wp:featuredmedia":[{"embeddable":true,"href":"https:\/\/riseuppitch.ca\/fr\/wp-json\/wp\/v2\/media\/88819"}],"wp:attachment":[{"href":"https:\/\/riseuppitch.ca\/fr\/wp-json\/wp\/v2\/media?parent=89256"}],"curies":[{"name":"wp","href":"https:\/\/api.w.org\/{rel}","templated":true}]}}