{"id":89366,"date":"2023-03-31T04:22:36","date_gmt":"2023-03-31T04:22:36","guid":{"rendered":"https:\/\/riseuppitch.ca\/?page_id=89366"},"modified":"2024-03-25T21:57:10","modified_gmt":"2024-03-25T21:57:10","slug":"koura-ndiaye","status":"publish","type":"page","link":"https:\/\/riseuppitch.ca\/fr\/about\/koura-ndiaye\/","title":{"rendered":"Koura Ndiaye"},"content":{"rendered":"<div class=\"wpb-content-wrapper\"><div data-parent=\"true\" class=\"vc_row row-container\" id=\"row-unique-0\"><div class=\"row double-top-padding double-bottom-padding single-h-padding limit-width row-parent\"><div class=\"wpb_row row-inner\"><div class=\"wpb_column pos-top pos-center align_center column_parent col-lg-4 single-internal-gutter\"><div class=\"uncol style-light\"  ><div class=\"uncoltable\"><div class=\"uncell single-block-padding\" ><div class=\"uncont\" ><div class=\"uncode-single-media  text-center animate_when_almost_visible bottom-t-top\"><div class=\"single-wrapper\" style=\"max-width: 100%;\"><div class=\"tmb tmb-light  img-round img-round-std tmb-media-first tmb-media-last tmb-content-overlay tmb-no-bg\"><div class=\"t-inside\"><div class=\"t-entry-visual\"><div class=\"t-entry-visual-tc\"><div class=\"uncode-single-media-wrapper img-round img-round-std\"><img decoding=\"async\" class=\"wp-image-89367\" src=\"https:\/\/riseuppitch.ca\/wp-content\/uploads\/2023\/03\/Judge-Koura-Ndiaye.webp\" width=\"1920\" height=\"1920\" alt=\"Judge Koura Ndiaye\" srcset=\"https:\/\/riseuppitch.ca\/wp-content\/uploads\/2023\/03\/Judge-Koura-Ndiaye.webp 1920w, https:\/\/riseuppitch.ca\/wp-content\/uploads\/2023\/03\/Judge-Koura-Ndiaye-300x300.webp 300w, https:\/\/riseuppitch.ca\/wp-content\/uploads\/2023\/03\/Judge-Koura-Ndiaye-1024x1024.webp 1024w, https:\/\/riseuppitch.ca\/wp-content\/uploads\/2023\/03\/Judge-Koura-Ndiaye-150x150.webp 150w, https:\/\/riseuppitch.ca\/wp-content\/uploads\/2023\/03\/Judge-Koura-Ndiaye-768x768.webp 768w, https:\/\/riseuppitch.ca\/wp-content\/uploads\/2023\/03\/Judge-Koura-Ndiaye-1536x1536.webp 1536w, https:\/\/riseuppitch.ca\/wp-content\/uploads\/2023\/03\/Judge-Koura-Ndiaye-12x12.webp 12w\" sizes=\"(max-width: 1920px) 100vw, 1920px\" \/><\/div>\n\t\t\t\t\t<\/div>\n\t\t\t\t<\/div><\/div><\/div><\/div><\/div><\/div><\/div><\/div><\/div><\/div><div class=\"wpb_column pos-top pos-center align_left column_parent col-lg-8 single-internal-gutter\"><div class=\"uncol style-light\"  ><div class=\"uncoltable\"><div class=\"uncell no-block-padding\" ><div class=\"uncont\" ><div class=\"vc_custom_heading_wrap\"><div class=\"heading-text el-text bottom-t-top animate_when_almost_visible\" ><h2 class=\"h2\" ><span>Koura Ndiaye<\/span><\/h2><\/div><div class=\"clear\"><\/div><\/div><div class=\"vc_custom_heading_wrap\"><div class=\"heading-text el-text bottom-t-top animate_when_almost_visible\" ><h4 class=\"h5 font-weight-200\" ><span>Agent de d\u00e9veloppement \u00e9conomique &#8211; Soci\u00e9t\u00e9 \u00c9conomique de l&#8217;Ontario<\/span><\/h4><\/div><div class=\"clear\"><\/div><\/div><div class=\"vc_custom_heading_wrap\"><div class=\"heading-text el-text bottom-t-top animate_when_almost_visible\" ><p class=\"h4 fontheight-357766 font-weight-200\" ><span>Koura est Agent de d\u00e9veloppement \u00e9conomique \u00e0 la S\u00c9O, bas\u00e9e \u00e0 Toronto, depuis 2022. Originaire de France, elle a \u00e9galement v\u00e9cu et \u00e9tudi\u00e9 en Angleterre avant de s\u2019installer au Canada en 2019. Forte de plusieurs ann\u00e9es d&#8217;exp\u00e9riences en communication, marketing et strat\u00e9gie d\u2019entreprise, Koura a \u00e0 c\u0153ur de mettre ses exp\u00e9riences et son expertise \u00e0 profit pour accompagner les entrepreneurs dans leur d\u00e9veloppement. Passionn\u00e9e d&#8217;entrepreneuriat et de storytelling c\u2019est tout naturellement que Koura s\u2019est \u00e9galement tourn\u00e9e vers la cr\u00e9ation de contenu vid\u00e9o et audio.<\/span><\/p><\/div><div class=\"clear\"><\/div><\/div><\/div><\/div><\/div><\/div><\/div><script id=\"script-row-unique-0\" data-row=\"script-row-unique-0\" type=\"text\/javascript\" class=\"vc_controls\">UNCODE.initRow(document.getElementById(\"row-unique-0\"));<\/script><\/div><\/div><\/div>\n<\/div>","protected":false},"excerpt":{"rendered":"Koura NdiayeAgent de d\u00e9veloppement \u00e9conomique - Soci\u00e9t\u00e9 \u00c9conomique de l'OntarioKoura est Agent de d\u00e9veloppement \u00e9conomique \u00e0 la S\u00c9O, bas\u00e9e \u00e0 [...]","protected":false},"author":2,"featured_media":89367,"parent":87884,"menu_order":0,"comment_status":"closed","ping_status":"open","template":"","meta":{"_coblocks_attr":"","_coblocks_dimensions":"","_coblocks_responsive_height":"","_coblocks_accordion_ie_support":"","footnotes":""},"class_list":["post-89366","page","type-page","status-publish","has-post-thumbnail","hentry"],"yoast_head":"<!-- This site is optimized with the Yoast SEO plugin v27.5 - https:\/\/yoast.com\/product\/yoast-seo-wordpress\/ -->\n<title>Koura Ndiaye - Rise Up Pitch Competition<\/title>\n<meta name=\"description\" content=\"RiseUp is a black women entrepreneurs pitch competition and program for entrepreneurs across Canada to join and receive\u00a0support for their businesses and\u00a0the potential to win both financial and non-financial prizes.\" \/>\n<meta name=\"robots\" content=\"index, follow, max-snippet:-1, max-image-preview:large, max-video-preview:-1\" \/>\n<link rel=\"canonical\" href=\"https:\/\/riseuppitch.ca\/fr\/about\/koura-ndiaye\/\" \/>\n<meta property=\"og:locale\" content=\"fr_CA\" \/>\n<meta property=\"og:type\" content=\"article\" \/>\n<meta property=\"og:title\" content=\"Koura Ndiaye - Rise Up Pitch Competition\" \/>\n<meta property=\"og:description\" content=\"RiseUp is a black women entrepreneurs pitch competition and program for entrepreneurs across Canada to join and receive\u00a0support for their businesses and\u00a0the potential to win both financial and non-financial prizes.\" \/>\n<meta property=\"og:url\" content=\"https:\/\/riseuppitch.ca\/fr\/about\/koura-ndiaye\/\" \/>\n<meta property=\"og:site_name\" content=\"Rise Up Pitch Competition\" \/>\n<meta property=\"article:modified_time\" content=\"2024-03-25T21:57:10+00:00\" \/>\n<meta property=\"og:image\" content=\"https:\/\/riseuppitch.ca\/wp-content\/uploads\/2023\/03\/Judge-Koura-Ndiaye.webp\" \/>\n\t<meta property=\"og:image:width\" content=\"1920\" \/>\n\t<meta property=\"og:image:height\" content=\"1920\" \/>\n\t<meta property=\"og:image:type\" content=\"image\/webp\" \/>\n<meta name=\"twitter:card\" content=\"summary_large_image\" \/>\n<meta name=\"twitter:label1\" content=\"Estimation du temps de lecture\" \/>\n\t<meta name=\"twitter:data1\" content=\"1 minute\" \/>\n<script type=\"application\/ld+json\" class=\"yoast-schema-graph\">{\"@context\":\"https:\\\/\\\/schema.org\",\"@graph\":[{\"@type\":\"WebPage\",\"@id\":\"https:\\\/\\\/riseuppitch.ca\\\/about\\\/koura-ndiaye\\\/\",\"url\":\"https:\\\/\\\/riseuppitch.ca\\\/about\\\/koura-ndiaye\\\/\",\"name\":\"Koura Ndiaye - Rise Up Pitch Competition\",\"isPartOf\":{\"@id\":\"https:\\\/\\\/riseuppitch.ca\\\/#website\"},\"primaryImageOfPage\":{\"@id\":\"https:\\\/\\\/riseuppitch.ca\\\/about\\\/koura-ndiaye\\\/#primaryimage\"},\"image\":{\"@id\":\"https:\\\/\\\/riseuppitch.ca\\\/about\\\/koura-ndiaye\\\/#primaryimage\"},\"thumbnailUrl\":\"https:\\\/\\\/riseuppitch.ca\\\/wp-content\\\/uploads\\\/2023\\\/03\\\/Judge-Koura-Ndiaye.webp\",\"datePublished\":\"2023-03-31T04:22:36+00:00\",\"dateModified\":\"2024-03-25T21:57:10+00:00\",\"description\":\"RiseUp is a black women entrepreneurs pitch competition and program for entrepreneurs across Canada to join and receive\u00a0support for their businesses and\u00a0the potential to win both financial and non-financial prizes.\",\"breadcrumb\":{\"@id\":\"https:\\\/\\\/riseuppitch.ca\\\/about\\\/koura-ndiaye\\\/#breadcrumb\"},\"inLanguage\":\"fr-CA\",\"potentialAction\":[{\"@type\":\"ReadAction\",\"target\":[\"https:\\\/\\\/riseuppitch.ca\\\/about\\\/koura-ndiaye\\\/\"]}]},{\"@type\":\"ImageObject\",\"inLanguage\":\"fr-CA\",\"@id\":\"https:\\\/\\\/riseuppitch.ca\\\/about\\\/koura-ndiaye\\\/#primaryimage\",\"url\":\"https:\\\/\\\/riseuppitch.ca\\\/wp-content\\\/uploads\\\/2023\\\/03\\\/Judge-Koura-Ndiaye.webp\",\"contentUrl\":\"https:\\\/\\\/riseuppitch.ca\\\/wp-content\\\/uploads\\\/2023\\\/03\\\/Judge-Koura-Ndiaye.webp\",\"width\":1920,\"height\":1920,\"caption\":\"Judge Koura Ndiaye\"},{\"@type\":\"BreadcrumbList\",\"@id\":\"https:\\\/\\\/riseuppitch.ca\\\/about\\\/koura-ndiaye\\\/#breadcrumb\",\"itemListElement\":[{\"@type\":\"ListItem\",\"position\":1,\"name\":\"Home\",\"item\":\"https:\\\/\\\/riseuppitch.ca\\\/\"},{\"@type\":\"ListItem\",\"position\":2,\"name\":\"About\",\"item\":\"https:\\\/\\\/riseuppitch.ca\\\/about\\\/\"},{\"@type\":\"ListItem\",\"position\":3,\"name\":\"Koura Ndiaye\"}]},{\"@type\":\"WebSite\",\"@id\":\"https:\\\/\\\/riseuppitch.ca\\\/#website\",\"url\":\"https:\\\/\\\/riseuppitch.ca\\\/\",\"name\":\"Rise Up Pitch Competition\",\"description\":\"Rise Up is a black women entrepreneurs pitch competition and program for entrepreneurs across Canada to join and receive\u00a0support for their businesses and\u00a0the potential to win both financial and non-financial prizes\",\"potentialAction\":[{\"@type\":\"SearchAction\",\"target\":{\"@type\":\"EntryPoint\",\"urlTemplate\":\"https:\\\/\\\/riseuppitch.ca\\\/?s={search_term_string}\"},\"query-input\":{\"@type\":\"PropertyValueSpecification\",\"valueRequired\":true,\"valueName\":\"search_term_string\"}}],\"inLanguage\":\"fr-CA\"}]}<\/script>\n<!-- \/ Yoast SEO plugin. -->","yoast_head_json":{"title":"Koura Ndiaye - Rise Up Pitch Competition","description":"RiseUp is a black women entrepreneurs pitch competition and program for entrepreneurs across Canada to join and receive\u00a0support for their businesses and\u00a0the potential to win both financial and non-financial prizes.","robots":{"index":"index","follow":"follow","max-snippet":"max-snippet:-1","max-image-preview":"max-image-preview:large","max-video-preview":"max-video-preview:-1"},"canonical":"https:\/\/riseuppitch.ca\/fr\/about\/koura-ndiaye\/","og_locale":"fr_CA","og_type":"article","og_title":"Koura Ndiaye - Rise Up Pitch Competition","og_description":"RiseUp is a black women entrepreneurs pitch competition and program for entrepreneurs across Canada to join and receive\u00a0support for their businesses and\u00a0the potential to win both financial and non-financial prizes.","og_url":"https:\/\/riseuppitch.ca\/fr\/about\/koura-ndiaye\/","og_site_name":"Rise Up Pitch Competition","article_modified_time":"2024-03-25T21:57:10+00:00","og_image":[{"width":1920,"height":1920,"url":"https:\/\/riseuppitch.ca\/wp-content\/uploads\/2023\/03\/Judge-Koura-Ndiaye.webp","type":"image\/webp"}],"twitter_card":"summary_large_image","twitter_misc":{"Estimation du temps de lecture":"1 minute"},"schema":{"@context":"https:\/\/schema.org","@graph":[{"@type":"WebPage","@id":"https:\/\/riseuppitch.ca\/about\/koura-ndiaye\/","url":"https:\/\/riseuppitch.ca\/about\/koura-ndiaye\/","name":"Koura Ndiaye - Rise Up Pitch Competition","isPartOf":{"@id":"https:\/\/riseuppitch.ca\/#website"},"primaryImageOfPage":{"@id":"https:\/\/riseuppitch.ca\/about\/koura-ndiaye\/#primaryimage"},"image":{"@id":"https:\/\/riseuppitch.ca\/about\/koura-ndiaye\/#primaryimage"},"thumbnailUrl":"https:\/\/riseuppitch.ca\/wp-content\/uploads\/2023\/03\/Judge-Koura-Ndiaye.webp","datePublished":"2023-03-31T04:22:36+00:00","dateModified":"2024-03-25T21:57:10+00:00","description":"RiseUp is a black women entrepreneurs pitch competition and program for entrepreneurs across Canada to join and receive\u00a0support for their businesses and\u00a0the potential to win both financial and non-financial prizes.","breadcrumb":{"@id":"https:\/\/riseuppitch.ca\/about\/koura-ndiaye\/#breadcrumb"},"inLanguage":"fr-CA","potentialAction":[{"@type":"ReadAction","target":["https:\/\/riseuppitch.ca\/about\/koura-ndiaye\/"]}]},{"@type":"ImageObject","inLanguage":"fr-CA","@id":"https:\/\/riseuppitch.ca\/about\/koura-ndiaye\/#primaryimage","url":"https:\/\/riseuppitch.ca\/wp-content\/uploads\/2023\/03\/Judge-Koura-Ndiaye.webp","contentUrl":"https:\/\/riseuppitch.ca\/wp-content\/uploads\/2023\/03\/Judge-Koura-Ndiaye.webp","width":1920,"height":1920,"caption":"Judge Koura Ndiaye"},{"@type":"BreadcrumbList","@id":"https:\/\/riseuppitch.ca\/about\/koura-ndiaye\/#breadcrumb","itemListElement":[{"@type":"ListItem","position":1,"name":"Home","item":"https:\/\/riseuppitch.ca\/"},{"@type":"ListItem","position":2,"name":"About","item":"https:\/\/riseuppitch.ca\/about\/"},{"@type":"ListItem","position":3,"name":"Koura Ndiaye"}]},{"@type":"WebSite","@id":"https:\/\/riseuppitch.ca\/#website","url":"https:\/\/riseuppitch.ca\/","name":"Rise Up Pitch Competition","description":"Rise Up is a black women entrepreneurs pitch competition and program for entrepreneurs across Canada to join and receive\u00a0support for their businesses and\u00a0the potential to win both financial and non-financial prizes","potentialAction":[{"@type":"SearchAction","target":{"@type":"EntryPoint","urlTemplate":"https:\/\/riseuppitch.ca\/?s={search_term_string}"},"query-input":{"@type":"PropertyValueSpecification","valueRequired":true,"valueName":"search_term_string"}}],"inLanguage":"fr-CA"}]}},"_links":{"self":[{"href":"https:\/\/riseuppitch.ca\/fr\/wp-json\/wp\/v2\/pages\/89366","targetHints":{"allow":["GET"]}}],"collection":[{"href":"https:\/\/riseuppitch.ca\/fr\/wp-json\/wp\/v2\/pages"}],"about":[{"href":"https:\/\/riseuppitch.ca\/fr\/wp-json\/wp\/v2\/types\/page"}],"author":[{"embeddable":true,"href":"https:\/\/riseuppitch.ca\/fr\/wp-json\/wp\/v2\/users\/2"}],"replies":[{"embeddable":true,"href":"https:\/\/riseuppitch.ca\/fr\/wp-json\/wp\/v2\/comments?post=89366"}],"version-history":[{"count":3,"href":"https:\/\/riseuppitch.ca\/fr\/wp-json\/wp\/v2\/pages\/89366\/revisions"}],"predecessor-version":[{"id":89407,"href":"https:\/\/riseuppitch.ca\/fr\/wp-json\/wp\/v2\/pages\/89366\/revisions\/89407"}],"up":[{"embeddable":true,"href":"https:\/\/riseuppitch.ca\/fr\/wp-json\/wp\/v2\/pages\/87884"}],"wp:featuredmedia":[{"embeddable":true,"href":"https:\/\/riseuppitch.ca\/fr\/wp-json\/wp\/v2\/media\/89367"}],"wp:attachment":[{"href":"https:\/\/riseuppitch.ca\/fr\/wp-json\/wp\/v2\/media?parent=89366"}],"curies":[{"name":"wp","href":"https:\/\/api.w.org\/{rel}","templated":true}]}}